{"id":3377,"date":"2022-11-09T16:39:33","date_gmt":"2022-11-09T13:39:33","guid":{"rendered":"https:\/\/alexanderling.ee\/?post_type=product&#038;p=3377"},"modified":"2025-05-27T15:20:00","modified_gmt":"2025-05-27T12:20:00","slug":"top-boeza-beige","status":"publish","type":"product","link":"https:\/\/alexanderling.ee\/et\/toode\/top-boeza-beige\/","title":{"rendered":"K\u00f5rge kaelusega topp BOEZA BEIGE"},"content":{"rendered":"<p>Jersey-kangast k\u00f5rge kaelusega topp pikkade varrukatega.<\/p>","protected":false},"excerpt":{"rendered":"<p>BOEZA BEIGE on mugavast jersey-kangast valmistatud k\u00f5rge kaelusega topp. See on valmistatud trikotaa\u017eist, mis paelub keha \u00fcmber tuues v\u00e4lja naiseliku silueti, samal ajal peites kaela k\u00f5rge kaeluse taha ja pikendades k\u00e4si pikkade varrukatega. Topp on v\u00e4ga mitmek\u00fclgne, mida saab kanda nii seeliku, viigip\u00fckste kui ka \u00f5lapaeltega siidikleitide all.<\/p>\n<p><strong>Stiilinipp:<\/strong> seo juuksed \u00fcles, et pikendada kaelajoont, ja t\u00f5mba varrukad 3\/4 pikkuseks, et k\u00e4ed n\u00e4iksid veelgi pikemad. Soovitame seda kanda meie seelikute, viigip\u00fckstega v\u00f5i hoopiski siidikleitide all.<\/p>\n<p><strong>Istuvus:<\/strong> modell on 177 cm pikk ja kannab suurust 36.<\/p>\n<p>Vastab suurusele.<\/p>","protected":false},"featured_media":9859,"template":"","meta":{"nf_dc_page":""},"product_brand":[],"product_cat":[62,76,125,17],"product_tag":[],"class_list":{"0":"post-3377","1":"product","2":"type-product","3":"status-publish","4":"has-post-thumbnail","6":"product_cat-simple-life-aw22","7":"product_cat-basics","8":"product_cat-collections","9":"product_cat-tops","11":"first","12":"instock","13":"taxable","14":"shipping-taxable","15":"purchasable","16":"product-type-variable"},"jetpack_sharing_enabled":true,"_links":{"self":[{"href":"https:\/\/alexanderling.ee\/et\/wp-json\/wp\/v2\/product\/3377","targetHints":{"allow":["GET"]}}],"collection":[{"href":"https:\/\/alexanderling.ee\/et\/wp-json\/wp\/v2\/product"}],"about":[{"href":"https:\/\/alexanderling.ee\/et\/wp-json\/wp\/v2\/types\/product"}],"wp:featuredmedia":[{"embeddable":true,"href":"https:\/\/alexanderling.ee\/et\/wp-json\/wp\/v2\/media\/9859"}],"wp:attachment":[{"href":"https:\/\/alexanderling.ee\/et\/wp-json\/wp\/v2\/media?parent=3377"}],"wp:term":[{"taxonomy":"product_brand","embeddable":true,"href":"https:\/\/alexanderling.ee\/et\/wp-json\/wp\/v2\/product_brand?post=3377"},{"taxonomy":"product_cat","embeddable":true,"href":"https:\/\/alexanderling.ee\/et\/wp-json\/wp\/v2\/product_cat?post=3377"},{"taxonomy":"product_tag","embeddable":true,"href":"https:\/\/alexanderling.ee\/et\/wp-json\/wp\/v2\/product_tag?post=3377"}],"curies":[{"name":"wp","href":"https:\/\/api.w.org\/{rel}","templated":true}]}}