{"id":35,"date":"2021-03-24T10:00:25","date_gmt":"2021-03-24T07:00:25","guid":{"rendered":"https:\/\/alexanderling.ee\/?post_type=product&#038;p=35"},"modified":"2025-06-15T21:59:16","modified_gmt":"2025-06-15T18:59:16","slug":"top-wanaka-pink","status":"publish","type":"product","link":"https:\/\/alexanderling.ee\/et\/toode\/top-wanaka-pink\/","title":{"rendered":"Topp WANAKA LIGHT PINK"},"content":{"rendered":"<p>Ees s\u00f5lmitava detailiga pluus, millel on n\u00f6\u00f6pkinnis kaela taga. Seljal v\u00e4ike avaus. Varrukaotsad on elastsed.<\/p>","protected":false},"excerpt":{"rendered":"<p>WANAKA LIGHT PINK on s\u00f5lmitav esiosaga topp, millel on pikad varrukad ja v\u00e4ike k\u00f5rge kaelus. Seda saab kanda nii lahtiselt kui ka ilusa s\u00f5lmena seotuna.<\/p>\n<p><strong>Stiilinipp:<\/strong> kanna WANAKA toppi koos pliiatsseeliku v\u00f5i sigarettp\u00fckstega, et tasakaalustada s\u00f5lmitud esiosa kitsama s\u00e4\u00e4resiluetiga.<\/p>\n<p><strong>Istuvus:<\/strong> modell on 179 cm pikk ja kannab suurust 36.<\/p>\n<p>Vastab suurusele.<\/p>","protected":false},"featured_media":9896,"template":"","meta":{"nf_dc_page":""},"product_brand":[],"product_cat":[76,17],"product_tag":[],"class_list":{"0":"post-35","1":"product","2":"type-product","3":"status-publish","4":"has-post-thumbnail","6":"product_cat-basics","7":"product_cat-tops","9":"first","10":"instock","11":"taxable","12":"shipping-taxable","13":"purchasable","14":"product-type-variable"},"jetpack_sharing_enabled":true,"_links":{"self":[{"href":"https:\/\/alexanderling.ee\/et\/wp-json\/wp\/v2\/product\/35","targetHints":{"allow":["GET"]}}],"collection":[{"href":"https:\/\/alexanderling.ee\/et\/wp-json\/wp\/v2\/product"}],"about":[{"href":"https:\/\/alexanderling.ee\/et\/wp-json\/wp\/v2\/types\/product"}],"wp:featuredmedia":[{"embeddable":true,"href":"https:\/\/alexanderling.ee\/et\/wp-json\/wp\/v2\/media\/9896"}],"wp:attachment":[{"href":"https:\/\/alexanderling.ee\/et\/wp-json\/wp\/v2\/media?parent=35"}],"wp:term":[{"taxonomy":"product_brand","embeddable":true,"href":"https:\/\/alexanderling.ee\/et\/wp-json\/wp\/v2\/product_brand?post=35"},{"taxonomy":"product_cat","embeddable":true,"href":"https:\/\/alexanderling.ee\/et\/wp-json\/wp\/v2\/product_cat?post=35"},{"taxonomy":"product_tag","embeddable":true,"href":"https:\/\/alexanderling.ee\/et\/wp-json\/wp\/v2\/product_tag?post=35"}],"curies":[{"name":"wp","href":"https:\/\/api.w.org\/{rel}","templated":true}]}}