{"id":3531,"date":"2022-11-19T02:18:46","date_gmt":"2022-11-18T23:18:46","guid":{"rendered":"https:\/\/alexanderling.ee\/?post_type=product&#038;p=3531"},"modified":"2026-02-04T15:42:21","modified_gmt":"2026-02-04T12:42:21","slug":"dress-coat-st-pierre","status":"publish","type":"product","link":"https:\/\/alexanderling.ee\/et\/toode\/dress-coat-st-pierre\/","title":{"rendered":"Jersey mantel-kleit ST. PIERRE"},"content":{"rendered":"<p>Voodrita mantlel-kleit. V\u00f6\u00f6kohal trukkkinnis ja seotav v\u00f6\u00f6. Kaks pealepandud taskut.<\/p>","protected":false},"excerpt":{"rendered":"<p>ST PIERRE on mitmek\u00fclgne ese, mida saab kanda nii mantlina kui ka eraldi kleidina. Voodrita disain tagab mugavuse, samas kui v\u00f6\u00f6 v\u00f5imaldab vajadusel figuuri r\u00f5hutada. \u00d5lat\u00e4ited ja pikad varrukad lisavad sofistikeeritud ja viimistletud ilme.<\/p>\n<p><strong>Stiilinipp:<\/strong> kanna seda koos BRABANT v\u00f5rktopiga ning k\u00fcsi juurde ombr\u00e9-sukkp\u00fckse, et lisada komplektile t\u00e4iendavaid v\u00e4rvitoone.<\/p>\n<p><strong>Istuvus:<\/strong> modell on 177 cm pikk ja kannab suurust 38.<\/p>\n<p>Vastab suurusele.<\/p>","protected":false},"featured_media":3533,"template":"","meta":{"nf_dc_page":""},"product_brand":[],"product_cat":[62,164,35,23,58,219],"product_tag":[],"class_list":{"0":"post-3531","1":"product","2":"type-product","3":"status-publish","4":"has-post-thumbnail","6":"product_cat-simple-life-aw22","7":"product_cat-coats-jackets","8":"product_cat-dresses","9":"product_cat-outerwear","10":"product_cat-sale","11":"product_cat-seasonal-elegance","13":"first","14":"instock","15":"sale","16":"taxable","17":"shipping-taxable","18":"purchasable","19":"product-type-variable"},"jetpack_sharing_enabled":true,"_links":{"self":[{"href":"https:\/\/alexanderling.ee\/et\/wp-json\/wp\/v2\/product\/3531","targetHints":{"allow":["GET"]}}],"collection":[{"href":"https:\/\/alexanderling.ee\/et\/wp-json\/wp\/v2\/product"}],"about":[{"href":"https:\/\/alexanderling.ee\/et\/wp-json\/wp\/v2\/types\/product"}],"wp:featuredmedia":[{"embeddable":true,"href":"https:\/\/alexanderling.ee\/et\/wp-json\/wp\/v2\/media\/3533"}],"wp:attachment":[{"href":"https:\/\/alexanderling.ee\/et\/wp-json\/wp\/v2\/media?parent=3531"}],"wp:term":[{"taxonomy":"product_brand","embeddable":true,"href":"https:\/\/alexanderling.ee\/et\/wp-json\/wp\/v2\/product_brand?post=3531"},{"taxonomy":"product_cat","embeddable":true,"href":"https:\/\/alexanderling.ee\/et\/wp-json\/wp\/v2\/product_cat?post=3531"},{"taxonomy":"product_tag","embeddable":true,"href":"https:\/\/alexanderling.ee\/et\/wp-json\/wp\/v2\/product_tag?post=3531"}],"curies":[{"name":"wp","href":"https:\/\/api.w.org\/{rel}","templated":true}]}}