{"id":3571,"date":"2022-11-19T02:56:50","date_gmt":"2022-11-18T23:56:50","guid":{"rendered":"https:\/\/alexanderling.ee\/?post_type=product&#038;p=3571"},"modified":"2025-02-25T23:57:24","modified_gmt":"2025-02-25T20:57:24","slug":"tights-ilot","status":"publish","type":"product","link":"https:\/\/alexanderling.ee\/et\/toode\/tights-ilot\/","title":{"rendered":"Sukkp\u00fcksid ILOT"},"content":{"rendered":"<p><span data-sheets-root=\"1\">See ese on spetsiaalselt Alexanderling moemaja poolt valitud \"Simple Life\" kollektsiooni juurde, mis on inspireeritud punk-kultuurist.<\/span><\/p>","protected":false},"excerpt":{"rendered":"<p>ILOT ombre sukkp\u00fcksid on osa \"Simple life\" kollektsioonist, mis on inspireeritud t\u00fckikesest maaelust. Sukkp\u00fckste \u00fclaosa on helesinine, mis j\u00e4rk-j\u00e4rgult l\u00e4bi helehalli tooni puutub p\u00e4kaosas mustaks. Pitsiosal on siksakki imiteeriv muster.<\/p>","protected":false},"featured_media":9294,"template":"","meta":{"nf_dc_page":""},"product_brand":[],"product_cat":[62,22,161],"product_tag":[],"class_list":{"0":"post-3571","1":"product","2":"type-product","3":"status-publish","4":"has-post-thumbnail","6":"product_cat-simple-life-aw22","7":"product_cat-accessories","8":"product_cat-other","10":"first","11":"instock","12":"sale","13":"taxable","14":"shipping-taxable","15":"purchasable","16":"product-type-simple"},"jetpack_sharing_enabled":true,"_links":{"self":[{"href":"https:\/\/alexanderling.ee\/et\/wp-json\/wp\/v2\/product\/3571","targetHints":{"allow":["GET"]}}],"collection":[{"href":"https:\/\/alexanderling.ee\/et\/wp-json\/wp\/v2\/product"}],"about":[{"href":"https:\/\/alexanderling.ee\/et\/wp-json\/wp\/v2\/types\/product"}],"wp:featuredmedia":[{"embeddable":true,"href":"https:\/\/alexanderling.ee\/et\/wp-json\/wp\/v2\/media\/9294"}],"wp:attachment":[{"href":"https:\/\/alexanderling.ee\/et\/wp-json\/wp\/v2\/media?parent=3571"}],"wp:term":[{"taxonomy":"product_brand","embeddable":true,"href":"https:\/\/alexanderling.ee\/et\/wp-json\/wp\/v2\/product_brand?post=3571"},{"taxonomy":"product_cat","embeddable":true,"href":"https:\/\/alexanderling.ee\/et\/wp-json\/wp\/v2\/product_cat?post=3571"},{"taxonomy":"product_tag","embeddable":true,"href":"https:\/\/alexanderling.ee\/et\/wp-json\/wp\/v2\/product_tag?post=3571"}],"curies":[{"name":"wp","href":"https:\/\/api.w.org\/{rel}","templated":true}]}}