{"id":3590,"date":"2022-11-22T12:44:40","date_gmt":"2022-11-22T09:44:40","guid":{"rendered":"https:\/\/alexanderling.ee\/?post_type=product&#038;p=3590"},"modified":"2026-02-04T16:31:57","modified_gmt":"2026-02-04T13:31:57","slug":"top-lalmatie","status":"publish","type":"product","link":"https:\/\/alexanderling.ee\/et\/toode\/top-lalmatie\/","title":{"rendered":"Pluus LALMATIE"},"content":{"rendered":"<p>Villakangast topp v\u00f5rkkangast voodriga. Peitlukk-kinnis \u00f5lal ja k\u00fcljel.<\/p>","protected":false},"excerpt":{"rendered":"<p>LALMATIE is cut from wool and has a soft mesh lining. The fit is to the bodice and the high-neck allows it to emphasize long neck. It&#8217;s smoothly at the bust and the sleeves fan out towards the hem.<\/p>\n<p><strong>Stiilinipp:<\/strong> kanna mustade p\u00fckstega elegantse tulemuse loomiseks v\u00f5i kombineeri seelikuga naiselikuma ilme saavutamiseks.<\/p>\n<p><strong>Istuvus:<\/strong> modell on 178 cm pikk ja kannab suurust 36.<\/p>\n<p>Vastab suurusele.<\/p>","protected":false},"featured_media":9855,"template":"","meta":{"nf_dc_page":""},"product_brand":[],"product_cat":[62,58,17],"product_tag":[],"class_list":{"0":"post-3590","1":"product","2":"type-product","3":"status-publish","4":"has-post-thumbnail","6":"product_cat-simple-life-aw22","7":"product_cat-sale","8":"product_cat-tops","10":"first","11":"instock","12":"sale","13":"taxable","14":"shipping-taxable","15":"purchasable","16":"product-type-variable"},"jetpack_sharing_enabled":true,"_links":{"self":[{"href":"https:\/\/alexanderling.ee\/et\/wp-json\/wp\/v2\/product\/3590","targetHints":{"allow":["GET"]}}],"collection":[{"href":"https:\/\/alexanderling.ee\/et\/wp-json\/wp\/v2\/product"}],"about":[{"href":"https:\/\/alexanderling.ee\/et\/wp-json\/wp\/v2\/types\/product"}],"wp:featuredmedia":[{"embeddable":true,"href":"https:\/\/alexanderling.ee\/et\/wp-json\/wp\/v2\/media\/9855"}],"wp:attachment":[{"href":"https:\/\/alexanderling.ee\/et\/wp-json\/wp\/v2\/media?parent=3590"}],"wp:term":[{"taxonomy":"product_brand","embeddable":true,"href":"https:\/\/alexanderling.ee\/et\/wp-json\/wp\/v2\/product_brand?post=3590"},{"taxonomy":"product_cat","embeddable":true,"href":"https:\/\/alexanderling.ee\/et\/wp-json\/wp\/v2\/product_cat?post=3590"},{"taxonomy":"product_tag","embeddable":true,"href":"https:\/\/alexanderling.ee\/et\/wp-json\/wp\/v2\/product_tag?post=3590"}],"curies":[{"name":"wp","href":"https:\/\/api.w.org\/{rel}","templated":true}]}}