{"id":387,"date":"2021-03-30T13:23:12","date_gmt":"2021-03-30T13:23:12","guid":{"rendered":"https:\/\/alexanderling.ee\/?post_type=product&#038;p=387"},"modified":"2025-11-08T02:54:26","modified_gmt":"2025-11-07T23:54:26","slug":"raincoat-naram-navy","status":"publish","type":"product","link":"https:\/\/alexanderling.ee\/et\/toode\/raincoat-naram-navy\/","title":{"rendered":"Vihmamantel NARAM NAVY"},"content":{"rendered":"<p>Vetth\u00fclgav vihmamantel, millel on helkurribad seljal ja kahel esitaskul. Ees metallist kahepoolne lukk. All\u00e4\u00e4r ja kaelus on elastikuga, mida saab pingutada parema istuvuse saavutamiseks. Sportlikku ilmet lisab elastne p\u00f6idlaava manseti servas.<\/p>","protected":false},"excerpt":{"rendered":"<p>NARAM on vetth\u00fclgav vihmamantel taskutega. Lisaks veekindlusele on see ka tuulekindel, muutes selle ideaalseks kandmiseks kuni nullkraadini. S\u00fcgisel ja kevadel tundub k\u00fclmem just tugeva tuule t\u00f5ttu, kuid see mantel aitab seda efekti v\u00e4hendada. Helkurribad tagavad parema n\u00e4htavuse h\u00e4maras.<\/p>\n<p><strong>Stiilinipp:<\/strong> kui ilm muutub jahedamaks, lisa alla soe kampsun. Naiseliku ilme saavutamiseks t\u00f5mba varrukad 3\/4 pikkuseks ja seo mantel v\u00f6\u00f6kohalt veidi kokku \u2013 nii n\u00e4eb see eriti \u0161ikk v\u00e4lja kleitide peal kandes.<\/p>\n<p><strong>Istuvus:<\/strong> modell on 177 cm pikk ja kannab suurust 36.<\/p>\n<p>Istub kehasse vabalt.<\/p>","protected":false},"featured_media":1514,"template":"","meta":{"nf_dc_page":""},"product_brand":[],"product_cat":[164,23,58,219],"product_tag":[],"class_list":{"0":"post-387","1":"product","2":"type-product","3":"status-publish","4":"has-post-thumbnail","6":"product_cat-coats-jackets","7":"product_cat-outerwear","8":"product_cat-sale","9":"product_cat-seasonal-elegance","11":"first","12":"instock","13":"sale","14":"taxable","15":"shipping-taxable","16":"purchasable","17":"product-type-variable"},"jetpack_sharing_enabled":true,"_links":{"self":[{"href":"https:\/\/alexanderling.ee\/et\/wp-json\/wp\/v2\/product\/387","targetHints":{"allow":["GET"]}}],"collection":[{"href":"https:\/\/alexanderling.ee\/et\/wp-json\/wp\/v2\/product"}],"about":[{"href":"https:\/\/alexanderling.ee\/et\/wp-json\/wp\/v2\/types\/product"}],"wp:featuredmedia":[{"embeddable":true,"href":"https:\/\/alexanderling.ee\/et\/wp-json\/wp\/v2\/media\/1514"}],"wp:attachment":[{"href":"https:\/\/alexanderling.ee\/et\/wp-json\/wp\/v2\/media?parent=387"}],"wp:term":[{"taxonomy":"product_brand","embeddable":true,"href":"https:\/\/alexanderling.ee\/et\/wp-json\/wp\/v2\/product_brand?post=387"},{"taxonomy":"product_cat","embeddable":true,"href":"https:\/\/alexanderling.ee\/et\/wp-json\/wp\/v2\/product_cat?post=387"},{"taxonomy":"product_tag","embeddable":true,"href":"https:\/\/alexanderling.ee\/et\/wp-json\/wp\/v2\/product_tag?post=387"}],"curies":[{"name":"wp","href":"https:\/\/api.w.org\/{rel}","templated":true}]}}