{"id":3968,"date":"2023-02-16T23:00:30","date_gmt":"2023-02-16T20:00:30","guid":{"rendered":"https:\/\/alexanderling.ee\/?post_type=product&#038;p=3968"},"modified":"2026-02-04T15:39:08","modified_gmt":"2026-02-04T12:39:08","slug":"coat-anse-boileau","status":"publish","type":"product","link":"https:\/\/alexanderling.ee\/et\/toode\/coat-anse-boileau\/","title":{"rendered":"D\u017eersi mantel ANSE BOILEAU"},"content":{"rendered":"<p>Pikk voodrita jersey-mantel, kaks esitaskut. Magnetkinnised ja seotav v\u00f6\u00f6.<\/p>","protected":false},"excerpt":{"rendered":"<p>ANSE BOUILEAU on pehme suvine jersey-mantel, mille tagapaneeli kaunistab lillemuster. Mantlil on k\u00f5rge kaelus ja v\u00f6\u00f6ga r\u00f5hutatud talje.<\/p>\n<p><strong>Stiilinipp:<\/strong> kanna mantlit vabalt langevana ning seo v\u00f6\u00f6 tagant, mitte eest, et luua moekas ja l\u00f5dvestunud ilme.<\/p>\n<p><strong>Istuvus:<\/strong> modell on 175 cm pikk ja kannab suurust 38.<\/p>\n<p>Vastab suurusele.<\/p>","protected":false},"featured_media":4446,"template":"","meta":{"nf_dc_page":""},"product_brand":[],"product_cat":[75,164,125,23,58,219],"product_tag":[],"class_list":{"0":"post-3968","1":"product","2":"type-product","3":"status-publish","4":"has-post-thumbnail","6":"product_cat-soft-breeze-ss23","7":"product_cat-coats-jackets","8":"product_cat-collections","9":"product_cat-outerwear","10":"product_cat-sale","11":"product_cat-seasonal-elegance","13":"first","14":"instock","15":"sale","16":"taxable","17":"shipping-taxable","18":"purchasable","19":"product-type-variable"},"jetpack_sharing_enabled":true,"_links":{"self":[{"href":"https:\/\/alexanderling.ee\/et\/wp-json\/wp\/v2\/product\/3968","targetHints":{"allow":["GET"]}}],"collection":[{"href":"https:\/\/alexanderling.ee\/et\/wp-json\/wp\/v2\/product"}],"about":[{"href":"https:\/\/alexanderling.ee\/et\/wp-json\/wp\/v2\/types\/product"}],"wp:featuredmedia":[{"embeddable":true,"href":"https:\/\/alexanderling.ee\/et\/wp-json\/wp\/v2\/media\/4446"}],"wp:attachment":[{"href":"https:\/\/alexanderling.ee\/et\/wp-json\/wp\/v2\/media?parent=3968"}],"wp:term":[{"taxonomy":"product_brand","embeddable":true,"href":"https:\/\/alexanderling.ee\/et\/wp-json\/wp\/v2\/product_brand?post=3968"},{"taxonomy":"product_cat","embeddable":true,"href":"https:\/\/alexanderling.ee\/et\/wp-json\/wp\/v2\/product_cat?post=3968"},{"taxonomy":"product_tag","embeddable":true,"href":"https:\/\/alexanderling.ee\/et\/wp-json\/wp\/v2\/product_tag?post=3968"}],"curies":[{"name":"wp","href":"https:\/\/api.w.org\/{rel}","templated":true}]}}