{"id":4042,"date":"2023-03-23T23:34:14","date_gmt":"2023-03-23T20:34:14","guid":{"rendered":"https:\/\/alexanderling.ee\/?post_type=product&#038;p=4042"},"modified":"2025-02-25T23:57:50","modified_gmt":"2025-02-25T20:57:50","slug":"belt-santa-barbara","status":"publish","type":"product","link":"https:\/\/alexanderling.ee\/et\/toode\/belt-santa-barbara\/","title":{"rendered":"V\u00f6\u00f6 SANTA BARBARA"},"content":{"rendered":"<p><span data-sheets-root=\"1\">Valmistatud 100% viskoos ripsipaelast. Metallist pannal, millega v\u00f5imalik v\u00f6\u00f6 pikkust kohendada.<\/span><\/p>","protected":false},"excerpt":{"rendered":"<p><span data-sheets-root=\"1\">SANTA BARBARA v\u00f6\u00f6 on valmistatud moemajas ja sellel on t\u00e4ispikkuses kootud Alexanderling logod. V\u00f6\u00f6 on valmistatud kahekordsest j\u00e4medateralisest viskoospaelast ja on piisavalt mitmek\u00fclgne, et kombineerida erinevate vaba aja r\u00f5ivastega. Kanna oma lemmikteksadel v\u00f5i too talje esile t\u00f5mmates \u00fcmber naiste jaki v\u00f6\u00f6koha. V\u00f5i hoopiski v\u00f5ta inspiratsiooni SS22 Hedon Spa moevaatem\u00e4ngult, kus v\u00f6\u00f6d olid p\u00f5imitud \u00fcmber suvekleite kandvate modellide talje.<\/span><\/p>","protected":false},"featured_media":4043,"template":"","meta":{"nf_dc_page":""},"product_brand":[],"product_cat":[22,161],"product_tag":[],"class_list":{"0":"post-4042","1":"product","2":"type-product","3":"status-publish","4":"has-post-thumbnail","6":"product_cat-accessories","7":"product_cat-other","9":"first","10":"instock","11":"sale","12":"taxable","13":"shipping-taxable","14":"purchasable","15":"product-type-simple"},"jetpack_sharing_enabled":true,"_links":{"self":[{"href":"https:\/\/alexanderling.ee\/et\/wp-json\/wp\/v2\/product\/4042","targetHints":{"allow":["GET"]}}],"collection":[{"href":"https:\/\/alexanderling.ee\/et\/wp-json\/wp\/v2\/product"}],"about":[{"href":"https:\/\/alexanderling.ee\/et\/wp-json\/wp\/v2\/types\/product"}],"wp:featuredmedia":[{"embeddable":true,"href":"https:\/\/alexanderling.ee\/et\/wp-json\/wp\/v2\/media\/4043"}],"wp:attachment":[{"href":"https:\/\/alexanderling.ee\/et\/wp-json\/wp\/v2\/media?parent=4042"}],"wp:term":[{"taxonomy":"product_brand","embeddable":true,"href":"https:\/\/alexanderling.ee\/et\/wp-json\/wp\/v2\/product_brand?post=4042"},{"taxonomy":"product_cat","embeddable":true,"href":"https:\/\/alexanderling.ee\/et\/wp-json\/wp\/v2\/product_cat?post=4042"},{"taxonomy":"product_tag","embeddable":true,"href":"https:\/\/alexanderling.ee\/et\/wp-json\/wp\/v2\/product_tag?post=4042"}],"curies":[{"name":"wp","href":"https:\/\/api.w.org\/{rel}","templated":true}]}}