{"id":4161,"date":"2023-05-09T11:28:50","date_gmt":"2023-05-09T08:28:50","guid":{"rendered":"https:\/\/alexanderling.ee\/?post_type=product&#038;p=4161"},"modified":"2025-11-07T23:42:04","modified_gmt":"2025-11-07T20:42:04","slug":"skirt-mahebourg-trio","status":"publish","type":"product","link":"https:\/\/alexanderling.ee\/et\/toode\/skirt-mahebourg-trio\/","title":{"rendered":"Seelik MAHEBOURG TRIO"},"content":{"rendered":"<p>Mitmev\u00e4rviline plisseeritud seelik elastse v\u00f6\u00f6osaga.<\/p>","protected":false},"excerpt":{"rendered":"<p>MAHEBOURG TRIO on ALEXANDERLING\u2019i hitt-toode. Plisseeritud seelik elastse v\u00f6\u00f6osaga, mida saab kanda taljel v\u00f5i lasta madalamale puusadele. V\u00f6\u00f6koht on viimistletud elastiku ja stopperi logodetailiga.<\/p>\n<p><strong>Stiilinipp:<\/strong> kombineeri tossudega, et saavutada mugav ja sportlik ilme, v\u00f5i lisa hubane kootud kampsun, et luua moekas s\u00fcgisene v\u00e4limus.<\/p>\n<p><strong>Istuvus:<\/strong> modell on 177 cm pikk ja kannab suurust 36.<\/p>\n<p>Vastab suurusele.<\/p>","protected":false},"featured_media":9853,"template":"","meta":{"nf_dc_page":""},"product_brand":[],"product_cat":[62,20,58,27],"product_tag":[],"class_list":{"0":"post-4161","1":"product","2":"type-product","3":"status-publish","4":"has-post-thumbnail","6":"product_cat-simple-life-aw22","7":"product_cat-bottoms","8":"product_cat-sale","9":"product_cat-skirts","11":"first","12":"instock","13":"sale","14":"taxable","15":"shipping-taxable","16":"purchasable","17":"product-type-variable"},"jetpack_sharing_enabled":true,"_links":{"self":[{"href":"https:\/\/alexanderling.ee\/et\/wp-json\/wp\/v2\/product\/4161","targetHints":{"allow":["GET"]}}],"collection":[{"href":"https:\/\/alexanderling.ee\/et\/wp-json\/wp\/v2\/product"}],"about":[{"href":"https:\/\/alexanderling.ee\/et\/wp-json\/wp\/v2\/types\/product"}],"wp:featuredmedia":[{"embeddable":true,"href":"https:\/\/alexanderling.ee\/et\/wp-json\/wp\/v2\/media\/9853"}],"wp:attachment":[{"href":"https:\/\/alexanderling.ee\/et\/wp-json\/wp\/v2\/media?parent=4161"}],"wp:term":[{"taxonomy":"product_brand","embeddable":true,"href":"https:\/\/alexanderling.ee\/et\/wp-json\/wp\/v2\/product_brand?post=4161"},{"taxonomy":"product_cat","embeddable":true,"href":"https:\/\/alexanderling.ee\/et\/wp-json\/wp\/v2\/product_cat?post=4161"},{"taxonomy":"product_tag","embeddable":true,"href":"https:\/\/alexanderling.ee\/et\/wp-json\/wp\/v2\/product_tag?post=4161"}],"curies":[{"name":"wp","href":"https:\/\/api.w.org\/{rel}","templated":true}]}}