{"id":4189,"date":"2023-06-12T16:49:22","date_gmt":"2023-06-12T13:49:22","guid":{"rendered":"https:\/\/alexanderling.ee\/?post_type=product&#038;p=4189"},"modified":"2026-02-04T16:13:29","modified_gmt":"2026-02-04T13:13:29","slug":"trousers-vicoca","status":"publish","type":"product","link":"https:\/\/alexanderling.ee\/et\/toode\/trousers-vicoca\/","title":{"rendered":"P\u00fcksid VICOCA"},"content":{"rendered":"<p>Lavendlilillat tooni p\u00fcksid elastse v\u00f6\u00f6kohaga.<\/p>","protected":false},"excerpt":{"rendered":"<p>VICOCA p\u00fcksid on \u00fclimugavad 4\/5 pikkusega suvep\u00fcksid, mis loovad stiilse ja vaba ilme. Neid saab kanda k\u00f5rgemal k\u00f5hul v\u00f5i madalamal puusadel. V\u00f6\u00f6koht on elastne ning viimistletud logodetailiga stopperiga. K\u00fclgedel kollakas-lillad paelad lisavad modernset aktsenti.<\/p>\n<p><strong>Stiilinipp:<\/strong> kanna p\u00fckse sandaalidega, et saavutada l\u00f5dvestunud ja stiilne suvine look. \u00c4ra unusta oma pikkuse teada andmist meile, et saaksime all\u00e4\u00e4re pikkuse m\u00e4\u00e4rata Sinu pikkusele sobivaks.<\/p>\n<p><strong>Istuvus:<\/strong> modell on 177 cm pikk ja kannab suurust 38.<\/p>\n<p>Vastab suurusele.<\/p>","protected":false},"featured_media":10584,"template":"","meta":{"nf_dc_page":""},"product_brand":[],"product_cat":[126,20,125,58,28],"product_tag":[],"class_list":{"0":"post-4189","1":"product","2":"type-product","3":"status-publish","4":"has-post-thumbnail","6":"product_cat-hedon-resort-ss-22","7":"product_cat-bottoms","8":"product_cat-collections","9":"product_cat-sale","10":"product_cat-trousers","12":"first","13":"instock","14":"sale","15":"taxable","16":"shipping-taxable","17":"purchasable","18":"product-type-variable"},"jetpack_sharing_enabled":true,"_links":{"self":[{"href":"https:\/\/alexanderling.ee\/et\/wp-json\/wp\/v2\/product\/4189","targetHints":{"allow":["GET"]}}],"collection":[{"href":"https:\/\/alexanderling.ee\/et\/wp-json\/wp\/v2\/product"}],"about":[{"href":"https:\/\/alexanderling.ee\/et\/wp-json\/wp\/v2\/types\/product"}],"wp:featuredmedia":[{"embeddable":true,"href":"https:\/\/alexanderling.ee\/et\/wp-json\/wp\/v2\/media\/10584"}],"wp:attachment":[{"href":"https:\/\/alexanderling.ee\/et\/wp-json\/wp\/v2\/media?parent=4189"}],"wp:term":[{"taxonomy":"product_brand","embeddable":true,"href":"https:\/\/alexanderling.ee\/et\/wp-json\/wp\/v2\/product_brand?post=4189"},{"taxonomy":"product_cat","embeddable":true,"href":"https:\/\/alexanderling.ee\/et\/wp-json\/wp\/v2\/product_cat?post=4189"},{"taxonomy":"product_tag","embeddable":true,"href":"https:\/\/alexanderling.ee\/et\/wp-json\/wp\/v2\/product_tag?post=4189"}],"curies":[{"name":"wp","href":"https:\/\/api.w.org\/{rel}","templated":true}]}}