{"id":4210,"date":"2023-06-12T17:57:08","date_gmt":"2023-06-12T14:57:08","guid":{"rendered":"https:\/\/alexanderling.ee\/?post_type=product&#038;p=4210"},"modified":"2025-02-25T23:56:51","modified_gmt":"2025-02-25T20:56:51","slug":"socks-shuri","status":"publish","type":"product","link":"https:\/\/alexanderling.ee\/et\/toode\/socks-shuri\/","title":{"rendered":"Sokid SHURI"},"content":{"rendered":"<p>Keskmise k\u00f5rgusega pitsisokid, millel pahkluu juures kummidetail \u00fcleval p\u00fcsimiseks, sobib kandmiseks suurustele 37-41.<\/p>","protected":false},"excerpt":{"rendered":"<p>SHURI pitssokid on \u00f5rn aksessuaar, mida saab kanda k\u00f5rge kontsaga sandaalide v\u00f5i v\u00e4ljakutega. S\u00e4\u00e4red on fikseeritud kummidega ja \u00fclemist joont kaunistab kammpitsserv.<\/p>","protected":false},"featured_media":4206,"template":"","meta":{"nf_dc_page":""},"product_brand":[],"product_cat":[22,161],"product_tag":[],"class_list":{"0":"post-4210","1":"product","2":"type-product","3":"status-publish","4":"has-post-thumbnail","6":"product_cat-accessories","7":"product_cat-other","9":"first","10":"instock","11":"sale","12":"taxable","13":"shipping-taxable","14":"purchasable","15":"product-type-simple"},"jetpack_sharing_enabled":true,"_links":{"self":[{"href":"https:\/\/alexanderling.ee\/et\/wp-json\/wp\/v2\/product\/4210","targetHints":{"allow":["GET"]}}],"collection":[{"href":"https:\/\/alexanderling.ee\/et\/wp-json\/wp\/v2\/product"}],"about":[{"href":"https:\/\/alexanderling.ee\/et\/wp-json\/wp\/v2\/types\/product"}],"wp:featuredmedia":[{"embeddable":true,"href":"https:\/\/alexanderling.ee\/et\/wp-json\/wp\/v2\/media\/4206"}],"wp:attachment":[{"href":"https:\/\/alexanderling.ee\/et\/wp-json\/wp\/v2\/media?parent=4210"}],"wp:term":[{"taxonomy":"product_brand","embeddable":true,"href":"https:\/\/alexanderling.ee\/et\/wp-json\/wp\/v2\/product_brand?post=4210"},{"taxonomy":"product_cat","embeddable":true,"href":"https:\/\/alexanderling.ee\/et\/wp-json\/wp\/v2\/product_cat?post=4210"},{"taxonomy":"product_tag","embeddable":true,"href":"https:\/\/alexanderling.ee\/et\/wp-json\/wp\/v2\/product_tag?post=4210"}],"curies":[{"name":"wp","href":"https:\/\/api.w.org\/{rel}","templated":true}]}}