{"id":4266,"date":"2023-07-10T22:04:38","date_gmt":"2023-07-10T19:04:38","guid":{"rendered":"https:\/\/alexanderling.ee\/?post_type=product&#038;p=4266"},"modified":"2025-05-29T11:13:25","modified_gmt":"2025-05-29T08:13:25","slug":"shorts-arta","status":"publish","type":"product","link":"https:\/\/alexanderling.ee\/et\/toode\/shorts-arta\/","title":{"rendered":"L\u00fchikesed p\u00fcksid ARTA"},"content":{"rendered":"<p>Ploomilillat tooni \u0161ortsid elastse v\u00f6\u00f6koha ja k\u00fcljetaskutega.<\/p>","protected":false},"excerpt":{"rendered":"<p>ARTA \u0161ortsid on mugavad ja voodrita, elastse v\u00f6\u00f6koha ning k\u00fcljetaskutega. Need madalale taljele sobituvad \u0161ortsid pakuvad samaaegselt nii \u0161ikilt viimistletud ilmet kui ka vaba ja sundimatut mugavust.<\/p>\n<p><strong>Stiilinipp:<\/strong> loo pingevaba v\u00e4limus, kombineerides \u0161ortse tossude ja vabalt langeva \u00fclaosaga.<\/p>\n<p><strong>Istuvus:<\/strong> modell on 175 cm pikk ja kannab suurust 36.<\/p>\n<p>Vastab suurusele.<\/p>","protected":false},"featured_media":9865,"template":"","meta":{"nf_dc_page":""},"product_brand":[],"product_cat":[74,20,125,28],"product_tag":[],"class_list":{"0":"post-4266","1":"product","2":"type-product","3":"status-publish","4":"has-post-thumbnail","6":"product_cat-hedon-resort-ss23","7":"product_cat-bottoms","8":"product_cat-collections","9":"product_cat-trousers","11":"first","12":"instock","13":"taxable","14":"shipping-taxable","15":"purchasable","16":"product-type-variable"},"jetpack_sharing_enabled":true,"_links":{"self":[{"href":"https:\/\/alexanderling.ee\/et\/wp-json\/wp\/v2\/product\/4266","targetHints":{"allow":["GET"]}}],"collection":[{"href":"https:\/\/alexanderling.ee\/et\/wp-json\/wp\/v2\/product"}],"about":[{"href":"https:\/\/alexanderling.ee\/et\/wp-json\/wp\/v2\/types\/product"}],"wp:featuredmedia":[{"embeddable":true,"href":"https:\/\/alexanderling.ee\/et\/wp-json\/wp\/v2\/media\/9865"}],"wp:attachment":[{"href":"https:\/\/alexanderling.ee\/et\/wp-json\/wp\/v2\/media?parent=4266"}],"wp:term":[{"taxonomy":"product_brand","embeddable":true,"href":"https:\/\/alexanderling.ee\/et\/wp-json\/wp\/v2\/product_brand?post=4266"},{"taxonomy":"product_cat","embeddable":true,"href":"https:\/\/alexanderling.ee\/et\/wp-json\/wp\/v2\/product_cat?post=4266"},{"taxonomy":"product_tag","embeddable":true,"href":"https:\/\/alexanderling.ee\/et\/wp-json\/wp\/v2\/product_tag?post=4266"}],"curies":[{"name":"wp","href":"https:\/\/api.w.org\/{rel}","templated":true}]}}