{"id":4292,"date":"2023-07-10T21:38:41","date_gmt":"2023-07-10T18:38:41","guid":{"rendered":"https:\/\/alexanderling.ee\/?post_type=product&#038;p=4292"},"modified":"2025-08-15T22:52:56","modified_gmt":"2025-08-15T19:52:56","slug":"trousers-veria","status":"publish","type":"product","link":"https:\/\/alexanderling.ee\/et\/toode\/trousers-veria\/","title":{"rendered":"P\u00fcksid VERIA"},"content":{"rendered":"<p>Ploomlillad kreppkangast p\u00fcksid, millel on sisse \u00f5mmeldud viigid. Talje on elastne ja k\u00fclgedel on taskud.<\/p>","protected":false},"excerpt":{"rendered":"<p>VERIA p\u00fcksid on elegantne segu naiselikkusest ja mehelikkusest, andes kandjale enesekindluse. P\u00fcksid on valmistatud kergesti hooldatavast kreppkangast, mis langeb kaunilt ja annab siluettile struktuuri.<\/p>\n<p><strong>Stiilinipp:<\/strong> torka oma lemmiks\u00e4rk p\u00fckste sisse, et r\u00f5hutada naiselikku figuuri. Kontrastiks kanna NEAPOLI toppi p\u00fckste peal, et luua pingevaba n\u00e4dalavahetuse look. minu lemmikviis stiliseerimiseks on kanda p\u00fckse koos klassikalise valge triiks\u00e4rgiga. \u00c4ra unusta oma pikkuse teada andmist meile, et saaksime all\u00e4\u00e4re pikkuse m\u00e4\u00e4rata Sinu pikkusele sobivaks.<\/p>\n<p><strong>Istuvus:<\/strong> modell on 175 cm pikk ja kannab suurust 36.<\/p>\n<p>Vastab suurusele.<\/p>","protected":false},"featured_media":9862,"template":"","meta":{"nf_dc_page":""},"product_brand":[],"product_cat":[74,76,20,219,28],"product_tag":[],"class_list":{"0":"post-4292","1":"product","2":"type-product","3":"status-publish","4":"has-post-thumbnail","6":"product_cat-hedon-resort-ss23","7":"product_cat-basics","8":"product_cat-bottoms","9":"product_cat-seasonal-elegance","10":"product_cat-trousers","12":"first","13":"instock","14":"taxable","15":"shipping-taxable","16":"purchasable","17":"product-type-variable"},"jetpack_sharing_enabled":true,"_links":{"self":[{"href":"https:\/\/alexanderling.ee\/et\/wp-json\/wp\/v2\/product\/4292","targetHints":{"allow":["GET"]}}],"collection":[{"href":"https:\/\/alexanderling.ee\/et\/wp-json\/wp\/v2\/product"}],"about":[{"href":"https:\/\/alexanderling.ee\/et\/wp-json\/wp\/v2\/types\/product"}],"wp:featuredmedia":[{"embeddable":true,"href":"https:\/\/alexanderling.ee\/et\/wp-json\/wp\/v2\/media\/9862"}],"wp:attachment":[{"href":"https:\/\/alexanderling.ee\/et\/wp-json\/wp\/v2\/media?parent=4292"}],"wp:term":[{"taxonomy":"product_brand","embeddable":true,"href":"https:\/\/alexanderling.ee\/et\/wp-json\/wp\/v2\/product_brand?post=4292"},{"taxonomy":"product_cat","embeddable":true,"href":"https:\/\/alexanderling.ee\/et\/wp-json\/wp\/v2\/product_cat?post=4292"},{"taxonomy":"product_tag","embeddable":true,"href":"https:\/\/alexanderling.ee\/et\/wp-json\/wp\/v2\/product_tag?post=4292"}],"curies":[{"name":"wp","href":"https:\/\/api.w.org\/{rel}","templated":true}]}}