{"id":4297,"date":"2023-07-10T22:42:37","date_gmt":"2023-07-10T19:42:37","guid":{"rendered":"https:\/\/alexanderling.ee\/?post_type=product&#038;p=4297"},"modified":"2026-02-04T16:43:42","modified_gmt":"2026-02-04T13:43:42","slug":"dress-volos","status":"publish","type":"product","link":"https:\/\/alexanderling.ee\/et\/toode\/dress-volos\/","title":{"rendered":"Kleit VOLOS"},"content":{"rendered":"<p>A fuchsia dress with squared neckline and invisible zipper on the back. Flared silhouette.<\/p>","protected":false},"excerpt":{"rendered":"<p>The VOLOS dress was designed during the first warm Summer nights when the soul longed for something romantic and easy to wear. It has got a slightl glamorous yet summery feel in fuchsia pink viscose. Snipped waistline shows the beautiful feminine silhouette and is match made heaven for Summer evenings.<\/p>\n<p><strong>Stiilinipp:<\/strong> selleks, et r\u00f5hutada taljejoont eriti, k\u00fcsi meilt juurde kulla- v\u00f5i h\u00f5bedatooni metalliv\u00f6\u00f6d. \u00c4ra unusta oma pikkuse teada andmist meile, et saaksime all\u00e4\u00e4re pikkuse m\u00e4\u00e4rata Sinu pikkusele sobivaks.<\/p>\n<p><strong>Istuvus:<\/strong> modell on 175 cm pikk ja kannab suurust 38.<\/p>\n<p>Vastab suurusele.<\/p>","protected":false},"featured_media":4298,"template":"","meta":{"nf_dc_page":""},"product_brand":[],"product_cat":[74,125,293],"product_tag":[],"class_list":{"0":"post-4297","1":"product","2":"type-product","3":"status-publish","4":"has-post-thumbnail","6":"product_cat-hedon-resort-ss23","7":"product_cat-collections","8":"product_cat-floor-length-dresses","10":"first","11":"instock","12":"taxable","13":"shipping-taxable","14":"purchasable","15":"product-type-variable"},"jetpack_sharing_enabled":true,"_links":{"self":[{"href":"https:\/\/alexanderling.ee\/et\/wp-json\/wp\/v2\/product\/4297","targetHints":{"allow":["GET"]}}],"collection":[{"href":"https:\/\/alexanderling.ee\/et\/wp-json\/wp\/v2\/product"}],"about":[{"href":"https:\/\/alexanderling.ee\/et\/wp-json\/wp\/v2\/types\/product"}],"wp:featuredmedia":[{"embeddable":true,"href":"https:\/\/alexanderling.ee\/et\/wp-json\/wp\/v2\/media\/4298"}],"wp:attachment":[{"href":"https:\/\/alexanderling.ee\/et\/wp-json\/wp\/v2\/media?parent=4297"}],"wp:term":[{"taxonomy":"product_brand","embeddable":true,"href":"https:\/\/alexanderling.ee\/et\/wp-json\/wp\/v2\/product_brand?post=4297"},{"taxonomy":"product_cat","embeddable":true,"href":"https:\/\/alexanderling.ee\/et\/wp-json\/wp\/v2\/product_cat?post=4297"},{"taxonomy":"product_tag","embeddable":true,"href":"https:\/\/alexanderling.ee\/et\/wp-json\/wp\/v2\/product_tag?post=4297"}],"curies":[{"name":"wp","href":"https:\/\/api.w.org\/{rel}","templated":true}]}}