{"id":4313,"date":"2023-07-10T23:10:08","date_gmt":"2023-07-10T20:10:08","guid":{"rendered":"https:\/\/alexanderling.ee\/?post_type=product&#038;p=4313"},"modified":"2026-02-04T16:42:50","modified_gmt":"2026-02-04T13:42:50","slug":"dress-ricaurte","status":"publish","type":"product","link":"https:\/\/alexanderling.ee\/et\/toode\/dress-ricaurte\/","title":{"rendered":"Kleit RICAURTE"},"content":{"rendered":"<p>A one shouldered lavendel lilac dress with elasticated waistline. Flared silhouette. Unlined.<\/p>","protected":false},"excerpt":{"rendered":"<p>The RICAURTE dress is channeling the season&#8217;s bohemian vibe with its pastel hue colour. The asymmetric neckline reaches a focal point with elaborate tucks at the shoulder. It has an inner elasticated waistline to keep the weight of the skirt in place.<\/p>\n<p><strong>Stiilinipp:<\/strong> t\u00e4ienda kleidi ilmet kuldse metallv\u00f6\u00f6ga, et luua trendikas ja viimistletud v\u00e4limus. \u00c4ra unusta oma pikkuse teada andmist meile, et saaksime all\u00e4\u00e4re pikkuse m\u00e4\u00e4rata Sinu pikkusele sobivaks.<\/p>\n<p><strong>Istuvus:<\/strong> modell on 177 cm pikk ja kannab suurust 36.<\/p>\n<p>Vastab suurusele.<\/p>","protected":false},"featured_media":4367,"template":"","meta":{"nf_dc_page":""},"product_brand":[],"product_cat":[126,76,125,293],"product_tag":[],"class_list":{"0":"post-4313","1":"product","2":"type-product","3":"status-publish","4":"has-post-thumbnail","6":"product_cat-hedon-resort-ss-22","7":"product_cat-basics","8":"product_cat-collections","9":"product_cat-floor-length-dresses","11":"first","12":"onbackorder","13":"taxable","14":"shipping-taxable","15":"purchasable","16":"product-type-variable"},"jetpack_sharing_enabled":true,"_links":{"self":[{"href":"https:\/\/alexanderling.ee\/et\/wp-json\/wp\/v2\/product\/4313","targetHints":{"allow":["GET"]}}],"collection":[{"href":"https:\/\/alexanderling.ee\/et\/wp-json\/wp\/v2\/product"}],"about":[{"href":"https:\/\/alexanderling.ee\/et\/wp-json\/wp\/v2\/types\/product"}],"wp:featuredmedia":[{"embeddable":true,"href":"https:\/\/alexanderling.ee\/et\/wp-json\/wp\/v2\/media\/4367"}],"wp:attachment":[{"href":"https:\/\/alexanderling.ee\/et\/wp-json\/wp\/v2\/media?parent=4313"}],"wp:term":[{"taxonomy":"product_brand","embeddable":true,"href":"https:\/\/alexanderling.ee\/et\/wp-json\/wp\/v2\/product_brand?post=4313"},{"taxonomy":"product_cat","embeddable":true,"href":"https:\/\/alexanderling.ee\/et\/wp-json\/wp\/v2\/product_cat?post=4313"},{"taxonomy":"product_tag","embeddable":true,"href":"https:\/\/alexanderling.ee\/et\/wp-json\/wp\/v2\/product_tag?post=4313"}],"curies":[{"name":"wp","href":"https:\/\/api.w.org\/{rel}","templated":true}]}}