{"id":4360,"date":"2023-07-11T21:32:44","date_gmt":"2023-07-11T18:32:44","guid":{"rendered":"https:\/\/alexanderling.ee\/?post_type=product&#038;p=4360"},"modified":"2025-02-25T23:56:15","modified_gmt":"2025-02-25T20:56:15","slug":"tights-laventure","status":"publish","type":"product","link":"https:\/\/alexanderling.ee\/et\/toode\/tights-laventure\/","title":{"rendered":"Sukkp\u00fcksid LAVENTURE"},"content":{"rendered":"<p>See ese on spetsiaalselt Alexanderling moemaja poolt valitud \"Simple Life\" kollektsiooni juurde, mis on inspireeritud punk-kultuurist.<\/p>","protected":false},"excerpt":{"rendered":"<p>LAVENTURE ombre sukkp\u00fcksid on osa \"Simple life\" kollektsioonist, mis on inspireeritud t\u00fckikesest maaelust. Need on v\u00f5rksukkp\u00fcksid, millele moodustub peale rombimuster.<\/p>","protected":false},"featured_media":9290,"template":"","meta":{"nf_dc_page":""},"product_brand":[],"product_cat":[62,22,161],"product_tag":[],"class_list":{"0":"post-4360","1":"product","2":"type-product","3":"status-publish","4":"has-post-thumbnail","6":"product_cat-simple-life-aw22","7":"product_cat-accessories","8":"product_cat-other","10":"first","11":"instock","12":"sale","13":"taxable","14":"shipping-taxable","15":"purchasable","16":"product-type-simple"},"jetpack_sharing_enabled":true,"_links":{"self":[{"href":"https:\/\/alexanderling.ee\/et\/wp-json\/wp\/v2\/product\/4360","targetHints":{"allow":["GET"]}}],"collection":[{"href":"https:\/\/alexanderling.ee\/et\/wp-json\/wp\/v2\/product"}],"about":[{"href":"https:\/\/alexanderling.ee\/et\/wp-json\/wp\/v2\/types\/product"}],"wp:featuredmedia":[{"embeddable":true,"href":"https:\/\/alexanderling.ee\/et\/wp-json\/wp\/v2\/media\/9290"}],"wp:attachment":[{"href":"https:\/\/alexanderling.ee\/et\/wp-json\/wp\/v2\/media?parent=4360"}],"wp:term":[{"taxonomy":"product_brand","embeddable":true,"href":"https:\/\/alexanderling.ee\/et\/wp-json\/wp\/v2\/product_brand?post=4360"},{"taxonomy":"product_cat","embeddable":true,"href":"https:\/\/alexanderling.ee\/et\/wp-json\/wp\/v2\/product_cat?post=4360"},{"taxonomy":"product_tag","embeddable":true,"href":"https:\/\/alexanderling.ee\/et\/wp-json\/wp\/v2\/product_tag?post=4360"}],"curies":[{"name":"wp","href":"https:\/\/api.w.org\/{rel}","templated":true}]}}