{"id":4440,"date":"2023-07-18T17:38:12","date_gmt":"2023-07-18T14:38:12","guid":{"rendered":"https:\/\/alexanderling.ee\/?post_type=product&#038;p=4440"},"modified":"2026-02-03T16:36:26","modified_gmt":"2026-02-03T13:36:26","slug":"coat-ymittos","status":"publish","type":"product","link":"https:\/\/alexanderling.ee\/et\/toode\/coat-ymittos\/","title":{"rendered":"Mantel YMITTOS"},"content":{"rendered":"<p>Jersey-mantel topeltn\u00f6\u00f6bireaga l\u00f5ike ja kuldsete metalln\u00f6\u00f6pidega kinnitusega.<\/p>","protected":false},"excerpt":{"rendered":"<p>YMITTOS kerge jersey-mantel on ideaalne kevad- ja s\u00fcgishooajaks, kui talvemantel on liiga soe ja kampsun liiga \u00f5huke. Mantel on voodrita, mist\u00f5ttu on see ideaalne kaasav\u00f5tmiseks ka pikale n\u00e4dalavahetusele. Topeltn\u00f6\u00f6bireaga l\u00f5ige, kuldsed n\u00f6\u00f6bid, kaks esitaskut ning v\u00f6\u00f6, mis seotuna v\u00f6\u00f6kohale pikendab kaunist siluetti. Pikad varrukad ning \u00f5la- ja varrukalapid lisavad stiilset viimistlust.<\/p>\n<p><strong>Stiilinipp:<\/strong> kanna koos lendlevate viskoosist jersey GAZI p\u00fckstega, et luua moekas ja tasakaalustatud look.<\/p>\n<p><strong>Istuvus:<\/strong> modell on 175 cm pikk ja kannab suurust 38.<\/p>\n<p>Vastab suurusele.<\/p>","protected":false},"featured_media":4496,"template":"","meta":{"nf_dc_page":""},"product_brand":[],"product_cat":[75,164,125,23,58,219],"product_tag":[],"class_list":{"0":"post-4440","1":"product","2":"type-product","3":"status-publish","4":"has-post-thumbnail","6":"product_cat-soft-breeze-ss23","7":"product_cat-coats-jackets","8":"product_cat-collections","9":"product_cat-outerwear","10":"product_cat-sale","11":"product_cat-seasonal-elegance","13":"first","14":"instock","15":"sale","16":"taxable","17":"shipping-taxable","18":"purchasable","19":"product-type-variable"},"jetpack_sharing_enabled":true,"_links":{"self":[{"href":"https:\/\/alexanderling.ee\/et\/wp-json\/wp\/v2\/product\/4440","targetHints":{"allow":["GET"]}}],"collection":[{"href":"https:\/\/alexanderling.ee\/et\/wp-json\/wp\/v2\/product"}],"about":[{"href":"https:\/\/alexanderling.ee\/et\/wp-json\/wp\/v2\/types\/product"}],"wp:featuredmedia":[{"embeddable":true,"href":"https:\/\/alexanderling.ee\/et\/wp-json\/wp\/v2\/media\/4496"}],"wp:attachment":[{"href":"https:\/\/alexanderling.ee\/et\/wp-json\/wp\/v2\/media?parent=4440"}],"wp:term":[{"taxonomy":"product_brand","embeddable":true,"href":"https:\/\/alexanderling.ee\/et\/wp-json\/wp\/v2\/product_brand?post=4440"},{"taxonomy":"product_cat","embeddable":true,"href":"https:\/\/alexanderling.ee\/et\/wp-json\/wp\/v2\/product_cat?post=4440"},{"taxonomy":"product_tag","embeddable":true,"href":"https:\/\/alexanderling.ee\/et\/wp-json\/wp\/v2\/product_tag?post=4440"}],"curies":[{"name":"wp","href":"https:\/\/api.w.org\/{rel}","templated":true}]}}