{"id":4504,"date":"2023-08-30T21:09:27","date_gmt":"2023-08-30T18:09:27","guid":{"rendered":"https:\/\/alexanderling.ee\/?post_type=product&#038;p=4504"},"modified":"2025-02-07T14:24:20","modified_gmt":"2025-02-07T11:24:20","slug":"hair-clip-bacara","status":"publish","type":"product","link":"https:\/\/alexanderling.ee\/et\/toode\/hair-clip-bacara\/","title":{"rendered":"Juukseklamber BACARA"},"content":{"rendered":"<p><span data-sheets-root=\"1\">Lipsukangas valmistatud 100% pol\u00fcestrist. Juuksel\u00f5ksu klamber metallist.<\/span><\/p>","protected":false},"excerpt":{"rendered":"<p><span data-sheets-root=\"1\">BACARA juukseklambrid on valmistatud moemajas ja k\u00e4sitsi \u00f5mmeldud. Kreppkangast valmistatud metallist klambriosaga juuksel\u00f5ksud sobivad ideaalselt hobusesaba lisadetailiks v\u00f5i juuste \u00fclesse kinnitamiseks. Nagu SS22 Hedon Spa moevaatem\u00e4ngult n\u00e4ha, sobita juuksel\u00f5ks m\u00f5ne sama tooni kleidi juurde.<\/span><\/p>","protected":false},"featured_media":4502,"template":"","meta":{"nf_dc_page":""},"product_brand":[],"product_cat":[22,60],"product_tag":[],"class_list":{"0":"post-4504","1":"product","2":"type-product","3":"status-publish","4":"has-post-thumbnail","6":"product_cat-accessories","7":"product_cat-hair-accessories","9":"first","10":"instock","11":"taxable","12":"shipping-taxable","13":"purchasable","14":"product-type-variable"},"jetpack_sharing_enabled":true,"_links":{"self":[{"href":"https:\/\/alexanderling.ee\/et\/wp-json\/wp\/v2\/product\/4504","targetHints":{"allow":["GET"]}}],"collection":[{"href":"https:\/\/alexanderling.ee\/et\/wp-json\/wp\/v2\/product"}],"about":[{"href":"https:\/\/alexanderling.ee\/et\/wp-json\/wp\/v2\/types\/product"}],"wp:featuredmedia":[{"embeddable":true,"href":"https:\/\/alexanderling.ee\/et\/wp-json\/wp\/v2\/media\/4502"}],"wp:attachment":[{"href":"https:\/\/alexanderling.ee\/et\/wp-json\/wp\/v2\/media?parent=4504"}],"wp:term":[{"taxonomy":"product_brand","embeddable":true,"href":"https:\/\/alexanderling.ee\/et\/wp-json\/wp\/v2\/product_brand?post=4504"},{"taxonomy":"product_cat","embeddable":true,"href":"https:\/\/alexanderling.ee\/et\/wp-json\/wp\/v2\/product_cat?post=4504"},{"taxonomy":"product_tag","embeddable":true,"href":"https:\/\/alexanderling.ee\/et\/wp-json\/wp\/v2\/product_tag?post=4504"}],"curies":[{"name":"wp","href":"https:\/\/api.w.org\/{rel}","templated":true}]}}