{"id":4610,"date":"2023-10-18T20:38:53","date_gmt":"2023-10-18T17:38:53","guid":{"rendered":"https:\/\/alexanderling.ee\/?post_type=product&#038;p=4610"},"modified":"2025-11-07T23:39:54","modified_gmt":"2025-11-07T20:39:54","slug":"ferrol","status":"publish","type":"product","link":"https:\/\/alexanderling.ee\/et\/toode\/ferrol\/","title":{"rendered":"Seelik FERROL"},"content":{"rendered":"<p><span data-sheets-root=\"1\">Drapeeritud midiseelik kummist pihaosaga.<\/span><\/p>","protected":false},"excerpt":{"rendered":"<p>FERROL on k\u00f5rge v\u00f6\u00f6kohaga l\u00e4bikumav v\u00f5rgust midiseelik, mis on loodud t\u00f5mbama t\u00e4helepanu igal s\u00fcndmusel, pakkudes samal ajal mugavust ja figuuri kaunistavat siluetti. \u00dclimalt moodne on kanda seelikut nahatooni v\u00f5i mustade bokseritega, et r\u00f5hutada seeliku l\u00e4bikumavust.<\/p>\n<p><strong>Stiilinipp:<\/strong> mina soovitan kanda seelikut hoopis alusseelikuna kleitide v\u00f5i seelikute all, millel puudub vooder.<\/p>\n<p><strong>Istuvus:<\/strong> the model is 180 cm and wearing size 38.<\/p>\n<p>Vastab suurusele.<\/p>","protected":false},"featured_media":9881,"template":"","meta":{"nf_dc_page":""},"product_brand":[],"product_cat":[77,20,125,58,27],"product_tag":[],"class_list":{"0":"post-4610","1":"product","2":"type-product","3":"status-publish","4":"has-post-thumbnail","6":"product_cat-autumn-romance-a-w-23","7":"product_cat-bottoms","8":"product_cat-collections","9":"product_cat-sale","10":"product_cat-skirts","12":"first","13":"instock","14":"sale","15":"taxable","16":"shipping-taxable","17":"purchasable","18":"product-type-variable"},"jetpack_sharing_enabled":true,"_links":{"self":[{"href":"https:\/\/alexanderling.ee\/et\/wp-json\/wp\/v2\/product\/4610","targetHints":{"allow":["GET"]}}],"collection":[{"href":"https:\/\/alexanderling.ee\/et\/wp-json\/wp\/v2\/product"}],"about":[{"href":"https:\/\/alexanderling.ee\/et\/wp-json\/wp\/v2\/types\/product"}],"wp:featuredmedia":[{"embeddable":true,"href":"https:\/\/alexanderling.ee\/et\/wp-json\/wp\/v2\/media\/9881"}],"wp:attachment":[{"href":"https:\/\/alexanderling.ee\/et\/wp-json\/wp\/v2\/media?parent=4610"}],"wp:term":[{"taxonomy":"product_brand","embeddable":true,"href":"https:\/\/alexanderling.ee\/et\/wp-json\/wp\/v2\/product_brand?post=4610"},{"taxonomy":"product_cat","embeddable":true,"href":"https:\/\/alexanderling.ee\/et\/wp-json\/wp\/v2\/product_cat?post=4610"},{"taxonomy":"product_tag","embeddable":true,"href":"https:\/\/alexanderling.ee\/et\/wp-json\/wp\/v2\/product_tag?post=4610"}],"curies":[{"name":"wp","href":"https:\/\/api.w.org\/{rel}","templated":true}]}}