{"id":4621,"date":"2023-10-19T12:13:29","date_gmt":"2023-10-19T09:13:29","guid":{"rendered":"https:\/\/alexanderling.ee\/?post_type=product&#038;p=4621"},"modified":"2025-11-07T23:38:41","modified_gmt":"2025-11-07T20:38:41","slug":"estelle","status":"publish","type":"product","link":"https:\/\/alexanderling.ee\/et\/toode\/estelle\/","title":{"rendered":"Seelik ESTELLE"},"content":{"rendered":"","protected":false},"excerpt":{"rendered":"<p>ESTELLE on k\u00f5rge v\u00f6\u00f6kohaga v\u00f5rgust midiseelik, mis lisab igale s\u00fcndmusele stiilset aktsenti, pakkudes samal ajal nii mugavust kui ka figuuri kaunistavat l\u00f5iget.<\/p>\n<p><strong>Stiilinipp:<\/strong> t\u00e4ienda v\u00e4limust meie LEON topi ja kontsaga pahkluu saabaste v\u00f5i rihmikstiletodega samas mustas toonis, et saavutada silmapaistev ja elegantne look.<\/p>\n<p><strong>Istuvus:<\/strong> modell on 180 cm pikk ja kannab suurust 36.<\/p>\n<p>Vastab suurusele.<\/p>","protected":false},"featured_media":10591,"template":"","meta":{"nf_dc_page":""},"product_brand":[],"product_cat":[77,20,125,58,219,27],"product_tag":[],"class_list":{"0":"post-4621","1":"product","2":"type-product","3":"status-publish","4":"has-post-thumbnail","6":"product_cat-autumn-romance-a-w-23","7":"product_cat-bottoms","8":"product_cat-collections","9":"product_cat-sale","10":"product_cat-seasonal-elegance","11":"product_cat-skirts","13":"first","14":"instock","15":"sale","16":"taxable","17":"shipping-taxable","18":"purchasable","19":"product-type-variable"},"jetpack_sharing_enabled":true,"_links":{"self":[{"href":"https:\/\/alexanderling.ee\/et\/wp-json\/wp\/v2\/product\/4621","targetHints":{"allow":["GET"]}}],"collection":[{"href":"https:\/\/alexanderling.ee\/et\/wp-json\/wp\/v2\/product"}],"about":[{"href":"https:\/\/alexanderling.ee\/et\/wp-json\/wp\/v2\/types\/product"}],"wp:featuredmedia":[{"embeddable":true,"href":"https:\/\/alexanderling.ee\/et\/wp-json\/wp\/v2\/media\/10591"}],"wp:attachment":[{"href":"https:\/\/alexanderling.ee\/et\/wp-json\/wp\/v2\/media?parent=4621"}],"wp:term":[{"taxonomy":"product_brand","embeddable":true,"href":"https:\/\/alexanderling.ee\/et\/wp-json\/wp\/v2\/product_brand?post=4621"},{"taxonomy":"product_cat","embeddable":true,"href":"https:\/\/alexanderling.ee\/et\/wp-json\/wp\/v2\/product_cat?post=4621"},{"taxonomy":"product_tag","embeddable":true,"href":"https:\/\/alexanderling.ee\/et\/wp-json\/wp\/v2\/product_tag?post=4621"}],"curies":[{"name":"wp","href":"https:\/\/api.w.org\/{rel}","templated":true}]}}