{"id":4643,"date":"2023-10-19T14:54:02","date_gmt":"2023-10-19T11:54:02","guid":{"rendered":"https:\/\/alexanderling.ee\/?post_type=product&#038;p=4643"},"modified":"2025-10-25T18:15:54","modified_gmt":"2025-10-25T15:15:54","slug":"burela","status":"publish","type":"product","link":"https:\/\/alexanderling.ee\/et\/toode\/burela\/","title":{"rendered":"Mantel BURELA"},"content":{"rendered":"<p>Pikal jakil on vooder, eesh\u00f5lmal n\u00f6\u00f6p-kinnised ja kaks esitaskut.<\/p>","protected":false},"excerpt":{"rendered":"<p>BURELA on k\u00fc\u00fctlev pikk naiste jakk, millest \u00f5hkub luksuslikku tunnet m\u00f5elduna \u00f5htustele \u00fcritustele. See pikk jakk on valmistatud kuldsest bukleevillast, taljesse t\u00f6\u00f6deldud naiste jaki siluetiga, ees tumedad metalln\u00f6\u00f6bid ja diagonaalselt pealepandud taskud. Erilist t\u00e4helepanu tasub p\u00f6\u00f6rata, kuidas eesh\u00f5lmal ulatuvad n\u00f6\u00f6bid kuni v\u00f6\u00f6jooneni ja siis esih\u00f5lma siluett j\u00e4rk-j\u00e4rgult laheb avaramaks k\u00fclje suunadel, luues sabakuue efekti.<\/p>\n<p><strong>Stiilinipp:<\/strong> soovitame kanda pikka jakki \u00f5htustel \u00fcritustel, kandes mustade viigip\u00fckstega TOMELLOSO ja terava ninaga mustade kontsakingadega.<\/p>\n<p><strong>Istuvus:<\/strong> modell on 179 cm pikk ja kannab suurust 36.<\/p>\n<p>Vastab suurusele.<\/p>","protected":false},"featured_media":8297,"template":"","meta":{"nf_dc_page":""},"product_brand":[],"product_cat":[77,164,125,23,58,219],"product_tag":[],"class_list":{"0":"post-4643","1":"product","2":"type-product","3":"status-publish","4":"has-post-thumbnail","6":"product_cat-autumn-romance-a-w-23","7":"product_cat-coats-jackets","8":"product_cat-collections","9":"product_cat-outerwear","10":"product_cat-sale","11":"product_cat-seasonal-elegance","13":"first","14":"instock","15":"sale","16":"taxable","17":"shipping-taxable","18":"purchasable","19":"product-type-variable"},"jetpack_sharing_enabled":true,"_links":{"self":[{"href":"https:\/\/alexanderling.ee\/et\/wp-json\/wp\/v2\/product\/4643","targetHints":{"allow":["GET"]}}],"collection":[{"href":"https:\/\/alexanderling.ee\/et\/wp-json\/wp\/v2\/product"}],"about":[{"href":"https:\/\/alexanderling.ee\/et\/wp-json\/wp\/v2\/types\/product"}],"wp:featuredmedia":[{"embeddable":true,"href":"https:\/\/alexanderling.ee\/et\/wp-json\/wp\/v2\/media\/8297"}],"wp:attachment":[{"href":"https:\/\/alexanderling.ee\/et\/wp-json\/wp\/v2\/media?parent=4643"}],"wp:term":[{"taxonomy":"product_brand","embeddable":true,"href":"https:\/\/alexanderling.ee\/et\/wp-json\/wp\/v2\/product_brand?post=4643"},{"taxonomy":"product_cat","embeddable":true,"href":"https:\/\/alexanderling.ee\/et\/wp-json\/wp\/v2\/product_cat?post=4643"},{"taxonomy":"product_tag","embeddable":true,"href":"https:\/\/alexanderling.ee\/et\/wp-json\/wp\/v2\/product_tag?post=4643"}],"curies":[{"name":"wp","href":"https:\/\/api.w.org\/{rel}","templated":true}]}}