{"id":4654,"date":"2023-10-19T15:24:39","date_gmt":"2023-10-19T12:24:39","guid":{"rendered":"https:\/\/alexanderling.ee\/?post_type=product&#038;p=4654"},"modified":"2025-11-04T20:51:32","modified_gmt":"2025-11-04T17:51:32","slug":"lugo","status":"publish","type":"product","link":"https:\/\/alexanderling.ee\/et\/toode\/lugo\/","title":{"rendered":"Seelik SON VERI NOU"},"content":{"rendered":"<p>Seelikul on peitlukk-kinnis.<\/p>","protected":false},"excerpt":{"rendered":"<p>SON VERI NOU on plisseeritud midiseelik stiilsete voltide, detailse pitskaunistuse ja h\u00f5beneedidetailidega, muutes selle ainulaadseks ja mitmek\u00fclgseks garderoobi t\u00e4ienduseks.<\/p>\n<p><strong>Stiilinipp:<\/strong> soovitame kanda koos l\u00e4bipaistvate mustade sukkp\u00fckstega, et pitsiosa v\u00e4lja tuleks ning \u00fclaosasse lisada lohvakalt kukkuv kudum-kampsun. Kirjuta meile otse, kui sooviksid, et disainin \u00fclesse midagi spetsiaalselt Sulle!<\/p>\n<p><strong>Istuvus:<\/strong> the model is 180 cm and wearing size 36<\/p>\n<p>Vastab suurusele.<\/p>","protected":false},"featured_media":9879,"template":"","meta":{"nf_dc_page":""},"product_brand":[],"product_cat":[77,20,125,219,27],"product_tag":[],"class_list":{"0":"post-4654","1":"product","2":"type-product","3":"status-publish","4":"has-post-thumbnail","6":"product_cat-autumn-romance-a-w-23","7":"product_cat-bottoms","8":"product_cat-collections","9":"product_cat-seasonal-elegance","10":"product_cat-skirts","12":"first","13":"instock","14":"taxable","15":"shipping-taxable","16":"purchasable","17":"product-type-variable"},"jetpack_sharing_enabled":true,"_links":{"self":[{"href":"https:\/\/alexanderling.ee\/et\/wp-json\/wp\/v2\/product\/4654","targetHints":{"allow":["GET"]}}],"collection":[{"href":"https:\/\/alexanderling.ee\/et\/wp-json\/wp\/v2\/product"}],"about":[{"href":"https:\/\/alexanderling.ee\/et\/wp-json\/wp\/v2\/types\/product"}],"wp:featuredmedia":[{"embeddable":true,"href":"https:\/\/alexanderling.ee\/et\/wp-json\/wp\/v2\/media\/9879"}],"wp:attachment":[{"href":"https:\/\/alexanderling.ee\/et\/wp-json\/wp\/v2\/media?parent=4654"}],"wp:term":[{"taxonomy":"product_brand","embeddable":true,"href":"https:\/\/alexanderling.ee\/et\/wp-json\/wp\/v2\/product_brand?post=4654"},{"taxonomy":"product_cat","embeddable":true,"href":"https:\/\/alexanderling.ee\/et\/wp-json\/wp\/v2\/product_cat?post=4654"},{"taxonomy":"product_tag","embeddable":true,"href":"https:\/\/alexanderling.ee\/et\/wp-json\/wp\/v2\/product_tag?post=4654"}],"curies":[{"name":"wp","href":"https:\/\/api.w.org\/{rel}","templated":true}]}}