{"id":4663,"date":"2023-10-19T15:36:09","date_gmt":"2023-10-19T12:36:09","guid":{"rendered":"https:\/\/alexanderling.ee\/?post_type=product&#038;p=4663"},"modified":"2025-11-10T16:26:29","modified_gmt":"2025-11-10T13:26:29","slug":"dhakaette-black","status":"publish","type":"product","link":"https:\/\/alexanderling.ee\/et\/toode\/dhakaette-black\/","title":{"rendered":"Kleit DHAKAETTE BLACK"},"content":{"rendered":"<p>\u00dchte \u00f5lga kattev kleit puhvvarrukaga ning elastse v\u00f6\u00f6kohaga.<\/p>","protected":false},"excerpt":{"rendered":"<p>DHAKAETTE BLACK as\u00fcmmeetriline \u00fche \u00f5laga kleit on \u00f5htuste s\u00fcndmuste t\u00f5eline p\u00e4rl. Kleit on \u00fche varruka ning r\u00f5hutatud taljejoonega. Taljeosa on elastne ja \u00f5lapiirkond kaunilt kroogitud. \u00dclaosa langeb \u00f5rnalt taljeni, samal ajal kui diagonaalselt l\u00f5igatud seelikuosa langeb puusadele, justkui neid \u00f5rnalt embades.<\/p>\n<p><strong>Stiilinipp:<\/strong> kanna DHAKAETTE'i kleiti mustade l\u00e4bipaistvate sukkade ja h\u00f5bedaste rihmikutega ning lisa h\u00f5bedatooni ehted.<\/p>\n<p><strong>Istuvus:<\/strong> modell on 180 cm pikk ja kannab suurust 36.<\/p>\n<p>Vastab suurusele.<\/p>","protected":false},"featured_media":4664,"template":"","meta":{"nf_dc_page":""},"product_brand":[],"product_cat":[77,125,278,35,58],"product_tag":[],"class_list":{"0":"post-4663","1":"product","2":"type-product","3":"status-publish","4":"has-post-thumbnail","6":"product_cat-autumn-romance-a-w-23","7":"product_cat-collections","8":"product_cat-dhaka-dresses","9":"product_cat-dresses","10":"product_cat-sale","12":"first","13":"instock","14":"sale","15":"taxable","16":"shipping-taxable","17":"purchasable","18":"product-type-variable"},"jetpack_sharing_enabled":true,"_links":{"self":[{"href":"https:\/\/alexanderling.ee\/et\/wp-json\/wp\/v2\/product\/4663","targetHints":{"allow":["GET"]}}],"collection":[{"href":"https:\/\/alexanderling.ee\/et\/wp-json\/wp\/v2\/product"}],"about":[{"href":"https:\/\/alexanderling.ee\/et\/wp-json\/wp\/v2\/types\/product"}],"wp:featuredmedia":[{"embeddable":true,"href":"https:\/\/alexanderling.ee\/et\/wp-json\/wp\/v2\/media\/4664"}],"wp:attachment":[{"href":"https:\/\/alexanderling.ee\/et\/wp-json\/wp\/v2\/media?parent=4663"}],"wp:term":[{"taxonomy":"product_brand","embeddable":true,"href":"https:\/\/alexanderling.ee\/et\/wp-json\/wp\/v2\/product_brand?post=4663"},{"taxonomy":"product_cat","embeddable":true,"href":"https:\/\/alexanderling.ee\/et\/wp-json\/wp\/v2\/product_cat?post=4663"},{"taxonomy":"product_tag","embeddable":true,"href":"https:\/\/alexanderling.ee\/et\/wp-json\/wp\/v2\/product_tag?post=4663"}],"curies":[{"name":"wp","href":"https:\/\/api.w.org\/{rel}","templated":true}]}}