{"id":4675,"date":"2023-10-19T15:52:36","date_gmt":"2023-10-19T12:52:36","guid":{"rendered":"https:\/\/alexanderling.ee\/?post_type=product&#038;p=4675"},"modified":"2025-11-07T23:00:23","modified_gmt":"2025-11-07T20:00:23","slug":"luarca","status":"publish","type":"product","link":"https:\/\/alexanderling.ee\/et\/toode\/luarca\/","title":{"rendered":"Pesu-topp LUARCA"},"content":{"rendered":"<p>Pesu-topil on seljal trukk-kinnis ja \u00f5lapaelad on kummist.<\/p>","protected":false},"excerpt":{"rendered":"<p>LUARCA bralette on monokroomne must-valgest kombinatsioonist pesu-topp, millel \u00f5lapaeladel h\u00f5beneetide detailid. Tegelikkuses on see disainitud rinnahoidjana, mida saab kanda naiste jakkide all. Lai rinnaosa l\u00f5ige ja laiad kummist \u00f5lapaelad lubavad soovi korral eraldi rinnahoidja alla veel panna.<\/p>\n<p><strong>Stiilinipp:<\/strong> soovitame eraldiseisva tootena kanda seda koos samast pitsikangast A-l\u00f5ikelise laia midiseelikuga OLEIROS.<\/p>\n<p><strong>Istuvus:<\/strong> modell on 180 cm pikk ja kannab suurust 36.<\/p>\n<p>Vastab suurusele.<\/p>","protected":false},"featured_media":9878,"template":"","meta":{"nf_dc_page":""},"product_brand":[],"product_cat":[77,125,104,58,17],"product_tag":[],"class_list":{"0":"post-4675","1":"product","2":"type-product","3":"status-publish","4":"has-post-thumbnail","6":"product_cat-autumn-romance-a-w-23","7":"product_cat-collections","8":"product_cat-lingerie","9":"product_cat-sale","10":"product_cat-tops","12":"first","13":"instock","14":"sale","15":"taxable","16":"shipping-taxable","17":"purchasable","18":"product-type-variable"},"jetpack_sharing_enabled":true,"_links":{"self":[{"href":"https:\/\/alexanderling.ee\/et\/wp-json\/wp\/v2\/product\/4675","targetHints":{"allow":["GET"]}}],"collection":[{"href":"https:\/\/alexanderling.ee\/et\/wp-json\/wp\/v2\/product"}],"about":[{"href":"https:\/\/alexanderling.ee\/et\/wp-json\/wp\/v2\/types\/product"}],"wp:featuredmedia":[{"embeddable":true,"href":"https:\/\/alexanderling.ee\/et\/wp-json\/wp\/v2\/media\/9878"}],"wp:attachment":[{"href":"https:\/\/alexanderling.ee\/et\/wp-json\/wp\/v2\/media?parent=4675"}],"wp:term":[{"taxonomy":"product_brand","embeddable":true,"href":"https:\/\/alexanderling.ee\/et\/wp-json\/wp\/v2\/product_brand?post=4675"},{"taxonomy":"product_cat","embeddable":true,"href":"https:\/\/alexanderling.ee\/et\/wp-json\/wp\/v2\/product_cat?post=4675"},{"taxonomy":"product_tag","embeddable":true,"href":"https:\/\/alexanderling.ee\/et\/wp-json\/wp\/v2\/product_tag?post=4675"}],"curies":[{"name":"wp","href":"https:\/\/api.w.org\/{rel}","templated":true}]}}