{"id":4682,"date":"2023-10-19T16:05:15","date_gmt":"2023-10-19T13:05:15","guid":{"rendered":"https:\/\/alexanderling.ee\/?post_type=product&#038;p=4682"},"modified":"2026-02-03T16:41:47","modified_gmt":"2026-02-03T13:41:47","slug":"zamora","status":"publish","type":"product","link":"https:\/\/alexanderling.ee\/et\/toode\/zamora\/","title":{"rendered":"Kampsun ZAMORA"},"content":{"rendered":"<p>The hemline, neckline and cuffs have ribbed knit details.<\/p>","protected":false},"excerpt":{"rendered":"<p>ZAMORA on V-kaelusega pitskampsun-topp pikkade varrukatega, millel mansettides ja all\u00e4\u00e4res soonikdetailid. Pitsipaneelid on \u00fchendatud omavahel nii, et tekib mustrite korduvus. Vabalt kukkuv kehajoon lubab toppi kanda nii v\u00f6\u00f6kohasse pandud seelikuv\u00e4rvlis kui ka p\u00fckstega puusajoonele kukkudes.<\/p>\n<p><strong>Stiilinipp:<\/strong> soovitame kanda rinnahoidja-top LUARCAga et luua 3D v\u00e4ljan\u00e4gemine ja lasta pitsikanga l\u00e4bipaistvusel esile tulla.<\/p>\n<p><strong>Istuvus:<\/strong> modell on 180 cm pikk ja kannab suurust 36.<\/p>\n<p>Istub kehasse vabalt.<\/p>","protected":false},"featured_media":10598,"template":"","meta":{"nf_dc_page":""},"product_brand":[],"product_cat":[77,125,160,23,219,17],"product_tag":[],"class_list":{"0":"post-4682","1":"product","2":"type-product","3":"status-publish","4":"has-post-thumbnail","6":"product_cat-autumn-romance-a-w-23","7":"product_cat-collections","8":"product_cat-jumpers-bombers","9":"product_cat-outerwear","10":"product_cat-seasonal-elegance","11":"product_cat-tops","13":"first","14":"onbackorder","15":"taxable","16":"shipping-taxable","17":"purchasable","18":"product-type-variable"},"jetpack_sharing_enabled":true,"_links":{"self":[{"href":"https:\/\/alexanderling.ee\/et\/wp-json\/wp\/v2\/product\/4682","targetHints":{"allow":["GET"]}}],"collection":[{"href":"https:\/\/alexanderling.ee\/et\/wp-json\/wp\/v2\/product"}],"about":[{"href":"https:\/\/alexanderling.ee\/et\/wp-json\/wp\/v2\/types\/product"}],"wp:featuredmedia":[{"embeddable":true,"href":"https:\/\/alexanderling.ee\/et\/wp-json\/wp\/v2\/media\/10598"}],"wp:attachment":[{"href":"https:\/\/alexanderling.ee\/et\/wp-json\/wp\/v2\/media?parent=4682"}],"wp:term":[{"taxonomy":"product_brand","embeddable":true,"href":"https:\/\/alexanderling.ee\/et\/wp-json\/wp\/v2\/product_brand?post=4682"},{"taxonomy":"product_cat","embeddable":true,"href":"https:\/\/alexanderling.ee\/et\/wp-json\/wp\/v2\/product_cat?post=4682"},{"taxonomy":"product_tag","embeddable":true,"href":"https:\/\/alexanderling.ee\/et\/wp-json\/wp\/v2\/product_tag?post=4682"}],"curies":[{"name":"wp","href":"https:\/\/api.w.org\/{rel}","templated":true}]}}