{"id":4684,"date":"2023-10-19T16:12:11","date_gmt":"2023-10-19T13:12:11","guid":{"rendered":"https:\/\/alexanderling.ee\/?post_type=product&#038;p=4684"},"modified":"2025-05-13T17:16:05","modified_gmt":"2025-05-13T14:16:05","slug":"sarria","status":"publish","type":"product","link":"https:\/\/alexanderling.ee\/et\/toode\/sarria\/","title":{"rendered":"L\u00fchikesed p\u00fcksid SARRIA"},"content":{"rendered":"<p>L\u00fchikestel p\u00fckstel on kummiv\u00e4rvel.<\/p>","protected":false},"excerpt":{"rendered":"<p>SARRIA biker-\u0161ortsid on mustast trikotaa\u017eist, loodud just alustootena m\u00f5eldes l\u00e4bikumavate seelikute ja kleitide alla. Elastne v\u00f6\u00f6koht tagab kehasse t\u00f6\u00f6deldud ent mugava istuvuse, v\u00f5imaldades liikuda vabalt.<\/p>\n<p><strong>Stiilinipp:<\/strong> soovitame kanda l\u00fchikesi p\u00fckse l\u00e4bipaistva seeliku OLEIROS all lisavoodrina.<\/p>\n<p><strong>Istuvus:<\/strong> the model is 178 cm and wearing a size 36.<\/p>\n<p>Vastab suurusele.<\/p>","protected":false},"featured_media":9876,"template":"","meta":{"nf_dc_page":""},"product_brand":[],"product_cat":[77,20,125,58,29],"product_tag":[],"class_list":{"0":"post-4684","1":"product","2":"type-product","3":"status-publish","4":"has-post-thumbnail","6":"product_cat-autumn-romance-a-w-23","7":"product_cat-bottoms","8":"product_cat-collections","9":"product_cat-sale","10":"product_cat-shorts","12":"first","13":"instock","14":"sale","15":"taxable","16":"shipping-taxable","17":"purchasable","18":"product-type-variable"},"jetpack_sharing_enabled":true,"_links":{"self":[{"href":"https:\/\/alexanderling.ee\/et\/wp-json\/wp\/v2\/product\/4684","targetHints":{"allow":["GET"]}}],"collection":[{"href":"https:\/\/alexanderling.ee\/et\/wp-json\/wp\/v2\/product"}],"about":[{"href":"https:\/\/alexanderling.ee\/et\/wp-json\/wp\/v2\/types\/product"}],"wp:featuredmedia":[{"embeddable":true,"href":"https:\/\/alexanderling.ee\/et\/wp-json\/wp\/v2\/media\/9876"}],"wp:attachment":[{"href":"https:\/\/alexanderling.ee\/et\/wp-json\/wp\/v2\/media?parent=4684"}],"wp:term":[{"taxonomy":"product_brand","embeddable":true,"href":"https:\/\/alexanderling.ee\/et\/wp-json\/wp\/v2\/product_brand?post=4684"},{"taxonomy":"product_cat","embeddable":true,"href":"https:\/\/alexanderling.ee\/et\/wp-json\/wp\/v2\/product_cat?post=4684"},{"taxonomy":"product_tag","embeddable":true,"href":"https:\/\/alexanderling.ee\/et\/wp-json\/wp\/v2\/product_tag?post=4684"}],"curies":[{"name":"wp","href":"https:\/\/api.w.org\/{rel}","templated":true}]}}