{"id":4686,"date":"2023-10-19T16:16:48","date_gmt":"2023-10-19T13:16:48","guid":{"rendered":"https:\/\/alexanderling.ee\/?post_type=product&#038;p=4686"},"modified":"2026-02-04T16:10:05","modified_gmt":"2026-02-04T13:10:05","slug":"skirt-astorga","status":"publish","type":"product","link":"https:\/\/alexanderling.ee\/et\/toode\/skirt-astorga\/","title":{"rendered":"Seelik SON VERI NOU GREEN"},"content":{"rendered":"<p>Plisseeritud seelik pressitud mustriga ja elastse v\u00f6\u00f6osaga.<\/p>","protected":false},"excerpt":{"rendered":"<p>SON VERI NOU GREEN  seelik on luksuslik ja pilkup\u00fc\u00fcdev t\u00e4iendus sinu garderoobi. Selle metallikroheline siidjas kangas lisab igale outfit\u2019ile rikkaliku ja elegantse ilme, tagades, et n\u00e4ed v\u00e4lja s\u00e4rav ja tunned end enesekindlalt igal s\u00fcndmusel.<\/p>\n<p><strong>Stiilinipp:<\/strong> loo efektne ja moekas look, kandes seelikut liibuva musta rullkaeluse ja pahkluu saabastega.<\/p>\n<p><strong>Istuvus:<\/strong> modell on 180 cm pikk ja kannab suurust 36.<\/p>\n<p>Vastab suurusele.<\/p>","protected":false},"featured_media":9875,"template":"","meta":{"nf_dc_page":""},"product_brand":[],"product_cat":[77,20,125,58,219,27],"product_tag":[],"class_list":{"0":"post-4686","1":"product","2":"type-product","3":"status-publish","4":"has-post-thumbnail","6":"product_cat-autumn-romance-a-w-23","7":"product_cat-bottoms","8":"product_cat-collections","9":"product_cat-sale","10":"product_cat-seasonal-elegance","11":"product_cat-skirts","13":"first","14":"onbackorder","15":"taxable","16":"shipping-taxable","17":"purchasable","18":"product-type-variable"},"jetpack_sharing_enabled":true,"_links":{"self":[{"href":"https:\/\/alexanderling.ee\/et\/wp-json\/wp\/v2\/product\/4686","targetHints":{"allow":["GET"]}}],"collection":[{"href":"https:\/\/alexanderling.ee\/et\/wp-json\/wp\/v2\/product"}],"about":[{"href":"https:\/\/alexanderling.ee\/et\/wp-json\/wp\/v2\/types\/product"}],"wp:featuredmedia":[{"embeddable":true,"href":"https:\/\/alexanderling.ee\/et\/wp-json\/wp\/v2\/media\/9875"}],"wp:attachment":[{"href":"https:\/\/alexanderling.ee\/et\/wp-json\/wp\/v2\/media?parent=4686"}],"wp:term":[{"taxonomy":"product_brand","embeddable":true,"href":"https:\/\/alexanderling.ee\/et\/wp-json\/wp\/v2\/product_brand?post=4686"},{"taxonomy":"product_cat","embeddable":true,"href":"https:\/\/alexanderling.ee\/et\/wp-json\/wp\/v2\/product_cat?post=4686"},{"taxonomy":"product_tag","embeddable":true,"href":"https:\/\/alexanderling.ee\/et\/wp-json\/wp\/v2\/product_tag?post=4686"}],"curies":[{"name":"wp","href":"https:\/\/api.w.org\/{rel}","templated":true}]}}