{"id":4698,"date":"2023-10-19T16:34:32","date_gmt":"2023-10-19T13:34:32","guid":{"rendered":"https:\/\/alexanderling.ee\/?post_type=product&#038;p=4698"},"modified":"2025-11-07T23:37:47","modified_gmt":"2025-11-07T20:37:47","slug":"bilbao","status":"publish","type":"product","link":"https:\/\/alexanderling.ee\/et\/toode\/bilbao\/","title":{"rendered":"Seelik BILBAO"},"content":{"rendered":"<p>Seelikul on seljal peitlukk-kinnis.<\/p>","protected":false},"excerpt":{"rendered":"<p>BILBAO on mustast teksakangast midi pliiatsseelik, mis on t\u00e4is tikitud litreid. V\u00e4rvel istub v\u00f6\u00f6kohas, seljal on mugav peitlukk-kinnis ja l\u00f5hikudetail. litrid moodustavad horisontaalsed triibud, mis on kohati diagonaalselt l\u00e4bil\u00f5igatud. Seelik on m\u00f5eldud kandmiseks piduhetkedel.<\/p>\n<p><strong>Stiilinipp:<\/strong> sobita seelik kokku \u00f5lgadelt kukkuva taftist topiga PUNTIRO.<\/p>\n<p><strong>Istuvus:<\/strong> modell on 178 cm pikk ja kannab suurust 38.<\/p>\n<p>Vastab suurusele.<\/p>","protected":false},"featured_media":10235,"template":"","meta":{"nf_dc_page":""},"product_brand":[],"product_cat":[281,20,125,58,219,27],"product_tag":[],"class_list":{"0":"post-4698","1":"product","2":"type-product","3":"status-publish","4":"has-post-thumbnail","6":"product_cat-groovy-resort-25","7":"product_cat-bottoms","8":"product_cat-collections","9":"product_cat-sale","10":"product_cat-seasonal-elegance","11":"product_cat-skirts","13":"first","14":"instock","15":"sale","16":"taxable","17":"shipping-taxable","18":"purchasable","19":"product-type-variable"},"jetpack_sharing_enabled":true,"_links":{"self":[{"href":"https:\/\/alexanderling.ee\/et\/wp-json\/wp\/v2\/product\/4698","targetHints":{"allow":["GET"]}}],"collection":[{"href":"https:\/\/alexanderling.ee\/et\/wp-json\/wp\/v2\/product"}],"about":[{"href":"https:\/\/alexanderling.ee\/et\/wp-json\/wp\/v2\/types\/product"}],"wp:featuredmedia":[{"embeddable":true,"href":"https:\/\/alexanderling.ee\/et\/wp-json\/wp\/v2\/media\/10235"}],"wp:attachment":[{"href":"https:\/\/alexanderling.ee\/et\/wp-json\/wp\/v2\/media?parent=4698"}],"wp:term":[{"taxonomy":"product_brand","embeddable":true,"href":"https:\/\/alexanderling.ee\/et\/wp-json\/wp\/v2\/product_brand?post=4698"},{"taxonomy":"product_cat","embeddable":true,"href":"https:\/\/alexanderling.ee\/et\/wp-json\/wp\/v2\/product_cat?post=4698"},{"taxonomy":"product_tag","embeddable":true,"href":"https:\/\/alexanderling.ee\/et\/wp-json\/wp\/v2\/product_tag?post=4698"}],"curies":[{"name":"wp","href":"https:\/\/api.w.org\/{rel}","templated":true}]}}