{"id":4714,"date":"2023-10-19T16:51:26","date_gmt":"2023-10-19T13:51:26","guid":{"rendered":"https:\/\/alexanderling.ee\/?post_type=product&#038;p=4714"},"modified":"2025-10-12T20:54:55","modified_gmt":"2025-10-12T17:54:55","slug":"laredo","status":"publish","type":"product","link":"https:\/\/alexanderling.ee\/et\/toode\/laredo\/","title":{"rendered":"Kleit LAREDO"},"content":{"rendered":"<p>Kleidil on \u00f5lgadel ja ees relvametallist n\u00f6\u00f6bid.<\/p>","protected":false},"excerpt":{"rendered":"<p>LAREDO vestkleit \u00fchendab musta siidi luksusliku tunde ja ajatu elegantsi, pakkudes mitmek\u00fclgset ja stiilset valikut erinevateks s\u00fcndmusteks.<br \/>\n<strong><br \/>\nStiilinipp:<\/strong> Moodsa ja \u0161iki v\u00e4limuse saavutamiseks kanna kleiti h\u00f5bedaste kontsadega.<\/p>\n<p><strong>Istuvus:<\/strong> Modell on 180 cm pikk ja kannab suurust 40.<\/p>\n<p>Vastab suurusele.<\/p>","protected":false},"featured_media":4718,"template":"","meta":{"nf_dc_page":""},"product_brand":[],"product_cat":[77,125,35,58],"product_tag":[],"class_list":{"0":"post-4714","1":"product","2":"type-product","3":"status-publish","4":"has-post-thumbnail","6":"product_cat-autumn-romance-a-w-23","7":"product_cat-collections","8":"product_cat-dresses","9":"product_cat-sale","11":"first","12":"instock","13":"sale","14":"taxable","15":"shipping-taxable","16":"purchasable","17":"product-type-variable"},"jetpack_sharing_enabled":true,"_links":{"self":[{"href":"https:\/\/alexanderling.ee\/et\/wp-json\/wp\/v2\/product\/4714","targetHints":{"allow":["GET"]}}],"collection":[{"href":"https:\/\/alexanderling.ee\/et\/wp-json\/wp\/v2\/product"}],"about":[{"href":"https:\/\/alexanderling.ee\/et\/wp-json\/wp\/v2\/types\/product"}],"wp:featuredmedia":[{"embeddable":true,"href":"https:\/\/alexanderling.ee\/et\/wp-json\/wp\/v2\/media\/4718"}],"wp:attachment":[{"href":"https:\/\/alexanderling.ee\/et\/wp-json\/wp\/v2\/media?parent=4714"}],"wp:term":[{"taxonomy":"product_brand","embeddable":true,"href":"https:\/\/alexanderling.ee\/et\/wp-json\/wp\/v2\/product_brand?post=4714"},{"taxonomy":"product_cat","embeddable":true,"href":"https:\/\/alexanderling.ee\/et\/wp-json\/wp\/v2\/product_cat?post=4714"},{"taxonomy":"product_tag","embeddable":true,"href":"https:\/\/alexanderling.ee\/et\/wp-json\/wp\/v2\/product_tag?post=4714"}],"curies":[{"name":"wp","href":"https:\/\/api.w.org\/{rel}","templated":true}]}}