{"id":4726,"date":"2023-10-19T17:21:30","date_gmt":"2023-10-19T14:21:30","guid":{"rendered":"https:\/\/alexanderling.ee\/?post_type=product&#038;p=4726"},"modified":"2026-02-04T15:50:40","modified_gmt":"2026-02-04T12:50:40","slug":"sopela","status":"publish","type":"product","link":"https:\/\/alexanderling.ee\/et\/toode\/sopela\/","title":{"rendered":"Pesukomplekt SOPELA"},"content":{"rendered":"<p>Alusp\u00fckstel on elastne v\u00f5rkkangast v\u00f6\u00f6koht. Korsetil on tagak\u00fcljel reguleeritavad haagid.<\/p>","protected":false},"excerpt":{"rendered":"<p>SOPELA komplekt on julge ja k\u00fctkestav t\u00e4iendus teie intiimr\u00f5ivaste kollektsioonile. Avatud korsetti kaunistavad s\u00e4ravad litrid ja see on riskantne avatud disain, samas kui mustad alusp\u00fcksid pakuvad ideaalset lisandit unustamatu ja v\u00f5rgutava v\u00e4limuse saavutamiseks.<\/p>\n<p><strong>Stiilinipp:<\/strong> K\u00fctkestava ja sensuaalse ansambli loomiseks kanna korsetti ja alusp\u00fckse \u00f5hukese musta hommikumantli v\u00f5i pitsist kimono all.<\/p>\n<p><strong>Istuvus:<\/strong> modell on 180 cm pikk ja kannab avatud korsetti suuruses 40, korvi B\/C suurust ja alusp\u00fckse suuruses 36\/38.<\/p>","protected":false},"featured_media":4728,"template":"","meta":{"nf_dc_page":""},"product_brand":[],"product_cat":[77,125,104,58],"product_tag":[],"class_list":{"0":"post-4726","1":"product","2":"type-product","3":"status-publish","4":"has-post-thumbnail","6":"product_cat-autumn-romance-a-w-23","7":"product_cat-collections","8":"product_cat-lingerie","9":"product_cat-sale","11":"first","12":"instock","13":"sale","14":"taxable","15":"shipping-taxable","16":"purchasable","17":"product-type-simple"},"jetpack_sharing_enabled":true,"_links":{"self":[{"href":"https:\/\/alexanderling.ee\/et\/wp-json\/wp\/v2\/product\/4726","targetHints":{"allow":["GET"]}}],"collection":[{"href":"https:\/\/alexanderling.ee\/et\/wp-json\/wp\/v2\/product"}],"about":[{"href":"https:\/\/alexanderling.ee\/et\/wp-json\/wp\/v2\/types\/product"}],"wp:featuredmedia":[{"embeddable":true,"href":"https:\/\/alexanderling.ee\/et\/wp-json\/wp\/v2\/media\/4728"}],"wp:attachment":[{"href":"https:\/\/alexanderling.ee\/et\/wp-json\/wp\/v2\/media?parent=4726"}],"wp:term":[{"taxonomy":"product_brand","embeddable":true,"href":"https:\/\/alexanderling.ee\/et\/wp-json\/wp\/v2\/product_brand?post=4726"},{"taxonomy":"product_cat","embeddable":true,"href":"https:\/\/alexanderling.ee\/et\/wp-json\/wp\/v2\/product_cat?post=4726"},{"taxonomy":"product_tag","embeddable":true,"href":"https:\/\/alexanderling.ee\/et\/wp-json\/wp\/v2\/product_tag?post=4726"}],"curies":[{"name":"wp","href":"https:\/\/api.w.org\/{rel}","templated":true}]}}