{"id":4741,"date":"2023-10-19T17:55:18","date_gmt":"2023-10-19T14:55:18","guid":{"rendered":"https:\/\/alexanderling.ee\/?post_type=product&#038;p=4741"},"modified":"2025-11-07T23:00:09","modified_gmt":"2025-11-07T20:00:09","slug":"lingerie-set-oveido","status":"publish","type":"product","link":"https:\/\/alexanderling.ee\/et\/toode\/lingerie-set-oveido\/","title":{"rendered":"Pesukomplekt OVEIDO"},"content":{"rendered":"<p>Rinnahoidjal on reguleeritavad \u00f5lapaelad ja haagid. Bokserite peal on reguleeritavad elastsed stringid.<\/p>","protected":false},"excerpt":{"rendered":"<p>OVEIDO komplekt sobib ideaalselt eriliseks s\u00fcndmuseks v\u00f5i igap\u00e4evaseks enesekindluse ja enesehinnangu nautimiseks. Pange selga see sensuaalne ansambel ja tundke end seestpoolt v\u00e4ljapoole jumalannana. Olenemata sellest, kas soovite ennast hellitada v\u00f5i kedagi erilist \u00fcllatada, s\u00fctitab see pesukomplekt kirge ja iha.<\/p>\n<p>Traadiga rinnahoidja pakub nii tuge kui ka stiili. Valmistatud peenest mustast pitsist, j\u00e4rgib see graatsiliselt teie kehakurve, pakkudes samal ajal mugavat ja kindlat istuvust. Rinnahoidjat t\u00e4iendavad sobivad bokserid on disainitud ideaalse istuvuse ja \u00fclima mugavuse tagamiseks.<\/p>\n<p><strong>Stiilinipp:<\/strong> T\u00e4ienda v\u00e4limust punase huulepulga ja pehmete, lahtiste lainetega juustes.<\/p>\n<p><strong>Istuvus:<\/strong> Modell on 181 cm pikk ning kannab rinnahoidjat suuruses 75B ja boksereid suuruses 36\/38.<\/p>","protected":false},"featured_media":4742,"template":"","meta":{"nf_dc_page":""},"product_brand":[],"product_cat":[77,125,104,58],"product_tag":[],"class_list":{"0":"post-4741","1":"product","2":"type-product","3":"status-publish","4":"has-post-thumbnail","6":"product_cat-autumn-romance-a-w-23","7":"product_cat-collections","8":"product_cat-lingerie","9":"product_cat-sale","11":"first","12":"instock","13":"sale","14":"taxable","15":"shipping-taxable","16":"purchasable","17":"product-type-simple"},"jetpack_sharing_enabled":true,"_links":{"self":[{"href":"https:\/\/alexanderling.ee\/et\/wp-json\/wp\/v2\/product\/4741","targetHints":{"allow":["GET"]}}],"collection":[{"href":"https:\/\/alexanderling.ee\/et\/wp-json\/wp\/v2\/product"}],"about":[{"href":"https:\/\/alexanderling.ee\/et\/wp-json\/wp\/v2\/types\/product"}],"wp:featuredmedia":[{"embeddable":true,"href":"https:\/\/alexanderling.ee\/et\/wp-json\/wp\/v2\/media\/4742"}],"wp:attachment":[{"href":"https:\/\/alexanderling.ee\/et\/wp-json\/wp\/v2\/media?parent=4741"}],"wp:term":[{"taxonomy":"product_brand","embeddable":true,"href":"https:\/\/alexanderling.ee\/et\/wp-json\/wp\/v2\/product_brand?post=4741"},{"taxonomy":"product_cat","embeddable":true,"href":"https:\/\/alexanderling.ee\/et\/wp-json\/wp\/v2\/product_cat?post=4741"},{"taxonomy":"product_tag","embeddable":true,"href":"https:\/\/alexanderling.ee\/et\/wp-json\/wp\/v2\/product_tag?post=4741"}],"curies":[{"name":"wp","href":"https:\/\/api.w.org\/{rel}","templated":true}]}}