{"id":4757,"date":"2023-10-20T10:36:36","date_gmt":"2023-10-20T07:36:36","guid":{"rendered":"https:\/\/alexanderling.ee\/?post_type=product&#038;p=4757"},"modified":"2025-11-07T23:59:06","modified_gmt":"2025-11-07T20:59:06","slug":"top-leon","status":"publish","type":"product","link":"https:\/\/alexanderling.ee\/et\/toode\/top-leon\/","title":{"rendered":"K\u00f5rge kaelusega topp LEON"},"content":{"rendered":"<p>K\u00f5rge kaelusega topil on kullatooni n\u00f6\u00f6p-kinnitus kaela tagaosas.<\/p>","protected":false},"excerpt":{"rendered":"<p>LEON on l\u00e4bipaistvast mustast v\u00f5rkkangast k\u00f5rge kaelusega topp, millel drapeeringuterohke kehaosa.<\/p>\n<p><strong>Stiilinipp:<\/strong> \u0161iki ja kaasaegse v\u00e4limuse saavutamiseks kanna toppi k\u00f5rge pihaosaga viigip\u00fckste ja kontsaga pahkluu saabastega.<\/p>\n<p><strong>Istuvus:<\/strong> the model is 180 cm and wearing size 38.<\/p>\n<p>Vastab suurusele.<\/p>","protected":false},"featured_media":10590,"template":"","meta":{"nf_dc_page":""},"product_brand":[],"product_cat":[77,222,125,17],"product_tag":[],"class_list":{"0":"post-4757","1":"product","2":"type-product","3":"status-publish","4":"has-post-thumbnail","6":"product_cat-autumn-romance-a-w-23","7":"product_cat-grey-a-w-24","8":"product_cat-collections","9":"product_cat-tops","11":"first","12":"instock","13":"sale","14":"taxable","15":"shipping-taxable","16":"purchasable","17":"product-type-variable"},"jetpack_sharing_enabled":true,"_links":{"self":[{"href":"https:\/\/alexanderling.ee\/et\/wp-json\/wp\/v2\/product\/4757","targetHints":{"allow":["GET"]}}],"collection":[{"href":"https:\/\/alexanderling.ee\/et\/wp-json\/wp\/v2\/product"}],"about":[{"href":"https:\/\/alexanderling.ee\/et\/wp-json\/wp\/v2\/types\/product"}],"wp:featuredmedia":[{"embeddable":true,"href":"https:\/\/alexanderling.ee\/et\/wp-json\/wp\/v2\/media\/10590"}],"wp:attachment":[{"href":"https:\/\/alexanderling.ee\/et\/wp-json\/wp\/v2\/media?parent=4757"}],"wp:term":[{"taxonomy":"product_brand","embeddable":true,"href":"https:\/\/alexanderling.ee\/et\/wp-json\/wp\/v2\/product_brand?post=4757"},{"taxonomy":"product_cat","embeddable":true,"href":"https:\/\/alexanderling.ee\/et\/wp-json\/wp\/v2\/product_cat?post=4757"},{"taxonomy":"product_tag","embeddable":true,"href":"https:\/\/alexanderling.ee\/et\/wp-json\/wp\/v2\/product_tag?post=4757"}],"curies":[{"name":"wp","href":"https:\/\/api.w.org\/{rel}","templated":true}]}}