{"id":4759,"date":"2024-10-24T14:00:39","date_gmt":"2024-10-24T11:00:39","guid":{"rendered":"https:\/\/alexanderling.ee\/?post_type=product&#038;p=4759"},"modified":"2026-02-04T16:30:34","modified_gmt":"2026-02-04T13:30:34","slug":"trousers-tomelloso","status":"publish","type":"product","link":"https:\/\/alexanderling.ee\/et\/toode\/trousers-tomelloso\/","title":{"rendered":"P\u00fcksid TOMELLOSO"},"content":{"rendered":"<p>P\u00fckstel on elastne v\u00f6\u00f6koht. Kaks k\u00fcljetaskut ja kaks dekoratiivset taskut taga. Ees ja taga sisse\u00f5mmeldud viigijoon.<\/p>","protected":false},"excerpt":{"rendered":"<p>Mustad p\u00fcksid TOMELLOSO on garderoobi \u00fcks p\u00f5hiesemetest. \u00dchelt poolt on p\u00fckstel taskud, kangas on kerge trikotaa\u017eiga ja taljes on kumm \u2013 k\u00f5ik vajalik igap\u00e4evaseks kandmismugavuseks; teisalt l\u00e4bitepitud viik lisab just seda viimistletust juurde, et vajadusel kanda p\u00fckse ka kontoris.<\/p>\n<p><strong>Stiilinipp:<\/strong> minu lemmikviis stiliseerimiseks on kanda p\u00fckse koos klassikalise valge triiks\u00e4rgiga. Aga igap\u00e4evasematel p\u00e4eval kanna p\u00fckse koos meie T-s\u00e4rgiga SAN LUIS, nagu modellil seljas. \u00c4ra unusta oma pikkuse teada andmist meile, et saaksime all\u00e4\u00e4re pikkuse m\u00e4\u00e4rata Sinu pikkusele sobivaks.<\/p>\n<p><strong>Istuvus:<\/strong> modell on 181 cm pikk ja kannab suurust 36.<\/p>\n<p>Vastab suurusele.<\/p>","protected":false},"featured_media":9899,"template":"","meta":{"nf_dc_page":""},"product_brand":[],"product_cat":[76,20,219,28],"product_tag":[],"class_list":{"0":"post-4759","1":"product","2":"type-product","3":"status-publish","4":"has-post-thumbnail","6":"product_cat-basics","7":"product_cat-bottoms","8":"product_cat-seasonal-elegance","9":"product_cat-trousers","11":"first","12":"onbackorder","13":"taxable","14":"shipping-taxable","15":"purchasable","16":"product-type-variable"},"jetpack_sharing_enabled":true,"_links":{"self":[{"href":"https:\/\/alexanderling.ee\/et\/wp-json\/wp\/v2\/product\/4759","targetHints":{"allow":["GET"]}}],"collection":[{"href":"https:\/\/alexanderling.ee\/et\/wp-json\/wp\/v2\/product"}],"about":[{"href":"https:\/\/alexanderling.ee\/et\/wp-json\/wp\/v2\/types\/product"}],"wp:featuredmedia":[{"embeddable":true,"href":"https:\/\/alexanderling.ee\/et\/wp-json\/wp\/v2\/media\/9899"}],"wp:attachment":[{"href":"https:\/\/alexanderling.ee\/et\/wp-json\/wp\/v2\/media?parent=4759"}],"wp:term":[{"taxonomy":"product_brand","embeddable":true,"href":"https:\/\/alexanderling.ee\/et\/wp-json\/wp\/v2\/product_brand?post=4759"},{"taxonomy":"product_cat","embeddable":true,"href":"https:\/\/alexanderling.ee\/et\/wp-json\/wp\/v2\/product_cat?post=4759"},{"taxonomy":"product_tag","embeddable":true,"href":"https:\/\/alexanderling.ee\/et\/wp-json\/wp\/v2\/product_tag?post=4759"}],"curies":[{"name":"wp","href":"https:\/\/api.w.org\/{rel}","templated":true}]}}