{"id":4769,"date":"2023-10-20T12:10:17","date_gmt":"2023-10-20T09:10:17","guid":{"rendered":"https:\/\/alexanderling.ee\/?post_type=product&#038;p=4769"},"modified":"2025-11-10T16:31:08","modified_gmt":"2025-11-10T13:31:08","slug":"top-lois","status":"publish","type":"product","link":"https:\/\/alexanderling.ee\/et\/toode\/top-lois\/","title":{"rendered":"K\u00f5rge kaelusega topp LOIS"},"content":{"rendered":"<p>Varrukate \u00fclaosa on kroogitud.<\/p>","protected":false},"excerpt":{"rendered":"<p>LOIS k\u00f5rge kaelusega topp on stiilne ja elegantne lisand sinu garderoobi. See bee\u017eist v\u00f5rkkangast valmistatud pluus on k\u00f5rge kaeluse, pikkade varrukate ja kerge l\u00e4bikumava viimistlusega, lisades outfit\u2019ile peent rafineeritust, samas paljastades \u00f5rnalt nahka.<\/p>\n<p><strong>Stiilinipp:<\/strong> loo modernne ja viimistletud look, kombineerides k\u00f5rge kaelusega toppi meie FERROL seelikuga.<\/p>\n<p><strong>Istuvus:<\/strong> modell on 180 cm pikk ja kannab suurust 36.<\/p>\n<p>Vastab suurusele.<\/p>","protected":false},"featured_media":10592,"template":"","meta":{"nf_dc_page":""},"product_brand":[],"product_cat":[77,125,58,17],"product_tag":[],"class_list":{"0":"post-4769","1":"product","2":"type-product","3":"status-publish","4":"has-post-thumbnail","6":"product_cat-autumn-romance-a-w-23","7":"product_cat-collections","8":"product_cat-sale","9":"product_cat-tops","11":"first","12":"instock","13":"taxable","14":"shipping-taxable","15":"purchasable","16":"product-type-variable","17":"has-default-attributes"},"jetpack_sharing_enabled":true,"_links":{"self":[{"href":"https:\/\/alexanderling.ee\/et\/wp-json\/wp\/v2\/product\/4769","targetHints":{"allow":["GET"]}}],"collection":[{"href":"https:\/\/alexanderling.ee\/et\/wp-json\/wp\/v2\/product"}],"about":[{"href":"https:\/\/alexanderling.ee\/et\/wp-json\/wp\/v2\/types\/product"}],"wp:featuredmedia":[{"embeddable":true,"href":"https:\/\/alexanderling.ee\/et\/wp-json\/wp\/v2\/media\/10592"}],"wp:attachment":[{"href":"https:\/\/alexanderling.ee\/et\/wp-json\/wp\/v2\/media?parent=4769"}],"wp:term":[{"taxonomy":"product_brand","embeddable":true,"href":"https:\/\/alexanderling.ee\/et\/wp-json\/wp\/v2\/product_brand?post=4769"},{"taxonomy":"product_cat","embeddable":true,"href":"https:\/\/alexanderling.ee\/et\/wp-json\/wp\/v2\/product_cat?post=4769"},{"taxonomy":"product_tag","embeddable":true,"href":"https:\/\/alexanderling.ee\/et\/wp-json\/wp\/v2\/product_tag?post=4769"}],"curies":[{"name":"wp","href":"https:\/\/api.w.org\/{rel}","templated":true}]}}