{"id":4778,"date":"2023-10-20T15:00:53","date_gmt":"2023-10-20T12:00:53","guid":{"rendered":"https:\/\/alexanderling.ee\/?post_type=product&#038;p=4778"},"modified":"2026-02-04T16:41:03","modified_gmt":"2026-02-04T13:41:03","slug":"shirt-boeza-black","status":"publish","type":"product","link":"https:\/\/alexanderling.ee\/et\/toode\/shirt-boeza-black\/","title":{"rendered":"K\u00f5rge kaelusega topp BOEZA BLACK"},"content":{"rendered":"<p>Jersey-kangast k\u00f5rge kaelusega topp pikkade varrukatega.<\/p>","protected":false},"excerpt":{"rendered":"<p>BOEZA BLACK k\u00f5rge kaelusega must trikotaa\u017eitopp on mitmek\u00fclgne ja stiilne lisand garderoobi. K\u00f5rge kaelus loob voolujoonelise ja \u0161iki silueti.<\/p>\n<p><strong>Stiilinipp:<\/strong> kombineeri see topp meie CELA seelikuga, pista see seeliku sisse, et saavutada viimistletud v\u00e4limus.<\/p>\n<p><strong>Istuvus:<\/strong> the model is 180 cm and wearing size 38.<\/p>\n<p>Vastab suurusele.<\/p>","protected":false},"featured_media":10582,"template":"","meta":{"nf_dc_page":""},"product_brand":[],"product_cat":[55,76,125,219,17],"product_tag":[],"class_list":{"0":"post-4778","1":"product","2":"type-product","3":"status-publish","4":"has-post-thumbnail","6":"product_cat-studio-rennais54nce-aw21","7":"product_cat-basics","8":"product_cat-collections","9":"product_cat-seasonal-elegance","10":"product_cat-tops","12":"first","13":"instock","14":"taxable","15":"shipping-taxable","16":"purchasable","17":"product-type-variable"},"jetpack_sharing_enabled":true,"_links":{"self":[{"href":"https:\/\/alexanderling.ee\/et\/wp-json\/wp\/v2\/product\/4778","targetHints":{"allow":["GET"]}}],"collection":[{"href":"https:\/\/alexanderling.ee\/et\/wp-json\/wp\/v2\/product"}],"about":[{"href":"https:\/\/alexanderling.ee\/et\/wp-json\/wp\/v2\/types\/product"}],"wp:featuredmedia":[{"embeddable":true,"href":"https:\/\/alexanderling.ee\/et\/wp-json\/wp\/v2\/media\/10582"}],"wp:attachment":[{"href":"https:\/\/alexanderling.ee\/et\/wp-json\/wp\/v2\/media?parent=4778"}],"wp:term":[{"taxonomy":"product_brand","embeddable":true,"href":"https:\/\/alexanderling.ee\/et\/wp-json\/wp\/v2\/product_brand?post=4778"},{"taxonomy":"product_cat","embeddable":true,"href":"https:\/\/alexanderling.ee\/et\/wp-json\/wp\/v2\/product_cat?post=4778"},{"taxonomy":"product_tag","embeddable":true,"href":"https:\/\/alexanderling.ee\/et\/wp-json\/wp\/v2\/product_tag?post=4778"}],"curies":[{"name":"wp","href":"https:\/\/api.w.org\/{rel}","templated":true}]}}