{"id":4790,"date":"2023-10-20T15:35:40","date_gmt":"2023-10-20T12:35:40","guid":{"rendered":"https:\/\/alexanderling.ee\/?post_type=product&#038;p=4790"},"modified":"2026-02-04T15:40:48","modified_gmt":"2026-02-04T12:40:48","slug":"coat-dharamshala","status":"publish","type":"product","link":"https:\/\/alexanderling.ee\/et\/toode\/coat-dharamshala\/","title":{"rendered":"Jersey coat DHARAMSHALA FUCHSIA"},"content":{"rendered":"<p>Mantlil on siseviimistletud \u00e4\u00e4red ja esik\u00fcljel metalltrukk-kinnised. Eraldi mustast kunstnahast v\u00f6\u00f6 kuulub suvemantli juurde.<\/p>","protected":false},"excerpt":{"rendered":"<p>This DHARAMSHALA FUCHSIA jersey coat is crafted in a rich fuchsia purple colour and made of heavy jersey that exudes sophistication and adds a pop of colour to your wardrobe. The addition of a black belt cinches the waist, creating a flattering silhouette and adding a touch of contrast. The two front pockets are not only practical warm but also contribute to the coat&#8217;s functionality and overall design.<\/p>\n<p><strong>Stiilinipp:<\/strong> igap\u00e4evasema ilme saavutamiseks armastan isiklikult kanda seda kardigan-mantlit eest lahtisena, aga v\u00f6\u00f6tatuna, nii et kleit piilub alt v\u00e4lja. Nii on v\u00e4ljan\u00e4gemine minu arvates kunstiliselt lohakas, t\u00e4pselt selline, nagu ma vaimusilmas selle loonud olen.<\/p>\n<p><strong>Istuvus:<\/strong> the model is 180 cm and wearing size 38.<\/p>\n<p>Vastab suurusele.<\/p>","protected":false},"featured_media":4791,"template":"","meta":{"nf_dc_page":""},"product_brand":[],"product_cat":[76,164,23,58,219],"product_tag":[],"class_list":{"0":"post-4790","1":"product","2":"type-product","3":"status-publish","4":"has-post-thumbnail","6":"product_cat-basics","7":"product_cat-coats-jackets","8":"product_cat-outerwear","9":"product_cat-sale","10":"product_cat-seasonal-elegance","12":"first","13":"instock","14":"sale","15":"taxable","16":"shipping-taxable","17":"purchasable","18":"product-type-variable"},"jetpack_sharing_enabled":true,"_links":{"self":[{"href":"https:\/\/alexanderling.ee\/et\/wp-json\/wp\/v2\/product\/4790","targetHints":{"allow":["GET"]}}],"collection":[{"href":"https:\/\/alexanderling.ee\/et\/wp-json\/wp\/v2\/product"}],"about":[{"href":"https:\/\/alexanderling.ee\/et\/wp-json\/wp\/v2\/types\/product"}],"wp:featuredmedia":[{"embeddable":true,"href":"https:\/\/alexanderling.ee\/et\/wp-json\/wp\/v2\/media\/4791"}],"wp:attachment":[{"href":"https:\/\/alexanderling.ee\/et\/wp-json\/wp\/v2\/media?parent=4790"}],"wp:term":[{"taxonomy":"product_brand","embeddable":true,"href":"https:\/\/alexanderling.ee\/et\/wp-json\/wp\/v2\/product_brand?post=4790"},{"taxonomy":"product_cat","embeddable":true,"href":"https:\/\/alexanderling.ee\/et\/wp-json\/wp\/v2\/product_cat?post=4790"},{"taxonomy":"product_tag","embeddable":true,"href":"https:\/\/alexanderling.ee\/et\/wp-json\/wp\/v2\/product_tag?post=4790"}],"curies":[{"name":"wp","href":"https:\/\/api.w.org\/{rel}","templated":true}]}}