{"id":5506,"date":"2024-06-18T16:56:41","date_gmt":"2024-06-18T13:56:41","guid":{"rendered":"https:\/\/alexanderling.ee\/?post_type=product&#038;p=5506"},"modified":"2025-11-07T23:50:25","modified_gmt":"2025-11-07T20:50:25","slug":"blouse-yayla","status":"publish","type":"product","link":"https:\/\/alexanderling.ee\/et\/toode\/blouse-yayla\/","title":{"rendered":"Pluus YAYLA"},"content":{"rendered":"<p><span data-sheets-root=\"1\">Vabalt kukkuv pluus, mis on valmistatud puuvillast.<\/span><\/p>","protected":false},"excerpt":{"rendered":"<p>YAYLA pluusil on l\u00fchikesed varrukad, V-kaelus, milles rohked krookedetailid. Just see, mis mind enim ennast k\u00f5netab: drapeeringud, krooked. Puuvillasest kangast pluus on m\u00f5eldud just suvekuudel kandmiseks.<\/p>\n<p><strong>Stiilinipp:<\/strong> kanna koos rohelise h\u00f5lmikseelikuga, et luua t\u00e4iuslik tervik.<\/p>\n<p><strong>Istuvus:<\/strong> the model is 181 cm and wearing size 38.<\/p>\n<p>Vastab suurusele.<\/p>","protected":false},"featured_media":10600,"template":"","meta":{"nf_dc_page":""},"product_brand":[],"product_cat":[128,125,58,17],"product_tag":[],"class_list":{"0":"post-5506","1":"product","2":"type-product","3":"status-publish","4":"has-post-thumbnail","6":"product_cat-hedon-resort-ss24","7":"product_cat-collections","8":"product_cat-sale","9":"product_cat-tops","11":"first","12":"instock","13":"sale","14":"taxable","15":"shipping-taxable","16":"purchasable","17":"product-type-variable"},"jetpack_sharing_enabled":true,"_links":{"self":[{"href":"https:\/\/alexanderling.ee\/et\/wp-json\/wp\/v2\/product\/5506","targetHints":{"allow":["GET"]}}],"collection":[{"href":"https:\/\/alexanderling.ee\/et\/wp-json\/wp\/v2\/product"}],"about":[{"href":"https:\/\/alexanderling.ee\/et\/wp-json\/wp\/v2\/types\/product"}],"wp:featuredmedia":[{"embeddable":true,"href":"https:\/\/alexanderling.ee\/et\/wp-json\/wp\/v2\/media\/10600"}],"wp:attachment":[{"href":"https:\/\/alexanderling.ee\/et\/wp-json\/wp\/v2\/media?parent=5506"}],"wp:term":[{"taxonomy":"product_brand","embeddable":true,"href":"https:\/\/alexanderling.ee\/et\/wp-json\/wp\/v2\/product_brand?post=5506"},{"taxonomy":"product_cat","embeddable":true,"href":"https:\/\/alexanderling.ee\/et\/wp-json\/wp\/v2\/product_cat?post=5506"},{"taxonomy":"product_tag","embeddable":true,"href":"https:\/\/alexanderling.ee\/et\/wp-json\/wp\/v2\/product_tag?post=5506"}],"curies":[{"name":"wp","href":"https:\/\/api.w.org\/{rel}","templated":true}]}}