{"id":5508,"date":"2024-06-18T17:48:20","date_gmt":"2024-06-18T14:48:20","guid":{"rendered":"https:\/\/alexanderling.ee\/?post_type=product&#038;p=5508"},"modified":"2025-11-07T23:40:37","modified_gmt":"2025-11-07T20:40:37","slug":"skirt-koilani","status":"publish","type":"product","link":"https:\/\/alexanderling.ee\/et\/toode\/skirt-koilani\/","title":{"rendered":"Seelik KOILANI"},"content":{"rendered":"<p><span data-sheets-root=\"1\">Reguleeritava istuvuse tagamiseks on h\u00f5lmikseelik disainitud mugavust silmas pidades, millel eesh\u00f5lmal trukk-kinnis, millega v\u00f5imalik suurust muuta.<\/span><\/p>","protected":false},"excerpt":{"rendered":"<p>As\u00fcmmeetrilisel h\u00f5lmikseelikul on all\u00e4\u00e4rde palistatud m\u00e4ngulised narmad, lisades boheemlaslikku nooti. Puuvillasest kangast h\u00f5lmikseelik on m\u00f5eldud kandmiseks suvekuudel, sest \u00fchelt poolt puuvill toob igap\u00e4evast mugavust, teisalt narmadetailid lisavad erilisust disaini.<\/p>\n<p><strong>Stiilinipp:<\/strong> sobita kokku samast kangast topiga YAYLA, lisa sandaalid, et saavutada \u0161ikk ja suvine v\u00e4limus.<\/p>\n<p><strong>Istuvus:<\/strong> modell on 181 cm pikk ja kannab suurust 36.<\/p>\n<p>Vastab suurusele.<\/p>","protected":false},"featured_media":9891,"template":"","meta":{"nf_dc_page":""},"product_brand":[],"product_cat":[128,20,125,58,27],"product_tag":[],"class_list":{"0":"post-5508","1":"product","2":"type-product","3":"status-publish","4":"has-post-thumbnail","6":"product_cat-hedon-resort-ss24","7":"product_cat-bottoms","8":"product_cat-collections","9":"product_cat-sale","10":"product_cat-skirts","12":"first","13":"instock","14":"sale","15":"taxable","16":"shipping-taxable","17":"purchasable","18":"product-type-variable"},"jetpack_sharing_enabled":true,"_links":{"self":[{"href":"https:\/\/alexanderling.ee\/et\/wp-json\/wp\/v2\/product\/5508","targetHints":{"allow":["GET"]}}],"collection":[{"href":"https:\/\/alexanderling.ee\/et\/wp-json\/wp\/v2\/product"}],"about":[{"href":"https:\/\/alexanderling.ee\/et\/wp-json\/wp\/v2\/types\/product"}],"wp:featuredmedia":[{"embeddable":true,"href":"https:\/\/alexanderling.ee\/et\/wp-json\/wp\/v2\/media\/9891"}],"wp:attachment":[{"href":"https:\/\/alexanderling.ee\/et\/wp-json\/wp\/v2\/media?parent=5508"}],"wp:term":[{"taxonomy":"product_brand","embeddable":true,"href":"https:\/\/alexanderling.ee\/et\/wp-json\/wp\/v2\/product_brand?post=5508"},{"taxonomy":"product_cat","embeddable":true,"href":"https:\/\/alexanderling.ee\/et\/wp-json\/wp\/v2\/product_cat?post=5508"},{"taxonomy":"product_tag","embeddable":true,"href":"https:\/\/alexanderling.ee\/et\/wp-json\/wp\/v2\/product_tag?post=5508"}],"curies":[{"name":"wp","href":"https:\/\/api.w.org\/{rel}","templated":true}]}}