{"id":5519,"date":"2024-06-19T09:41:39","date_gmt":"2024-06-19T06:41:39","guid":{"rendered":"https:\/\/alexanderling.ee\/?post_type=product&#038;p=5519"},"modified":"2026-02-04T16:48:19","modified_gmt":"2026-02-04T13:48:19","slug":"dress-milia","status":"publish","type":"product","link":"https:\/\/alexanderling.ee\/et\/toode\/dress-milia\/","title":{"rendered":"Kleit MILIA"},"content":{"rendered":"<p><span data-sheets-root=\"1\">Seljal peitlukk-kinnis ja varrukaotsad kokku t\u00f5mmatud kummiga.<br \/>\n<\/span><\/p>","protected":false},"excerpt":{"rendered":"<p>See kroomikarva \u0161ifoonist kokteilikleit \u00f5hkab elegantsi t\u00e4nu oma all\u00e4\u00e4re narmastele. Varrukaotste kummidetailid lubavad varrukaid kanda ka t\u00f5mmatuna 3\/4 pikkusele. Kergelt k\u00fc\u00fctlev \u0161ifoonkangas kleidi \u00fclaosas muudab selle ideaalseks \u00f5htusteks s\u00fcndmusteks. Kleit on loodud nii, et selle puuvillast kehaosa pakub mugavustunnet just kuumade ilmadega kandmiseks.<\/p>\n<p><strong>Stiilinipp:<\/strong> kanna kleidi all kindlasti \u00f5lapaelteta, et need kergelt l\u00e4bikumava \u00fclaosa alt v\u00e4lja ei paistaks.<\/p>\n<p><strong>Istuvus:<\/strong> the model is 181 cm and wearing size 38.<\/p>\n<p>Vastab suurusele.<\/p>","protected":false},"featured_media":5432,"template":"","meta":{"nf_dc_page":""},"product_brand":[],"product_cat":[128,125,35,58],"product_tag":[],"class_list":{"0":"post-5519","1":"product","2":"type-product","3":"status-publish","4":"has-post-thumbnail","6":"product_cat-hedon-resort-ss24","7":"product_cat-collections","8":"product_cat-dresses","9":"product_cat-sale","11":"first","12":"instock","13":"sale","14":"taxable","15":"shipping-taxable","16":"purchasable","17":"product-type-variable"},"jetpack_sharing_enabled":true,"_links":{"self":[{"href":"https:\/\/alexanderling.ee\/et\/wp-json\/wp\/v2\/product\/5519","targetHints":{"allow":["GET"]}}],"collection":[{"href":"https:\/\/alexanderling.ee\/et\/wp-json\/wp\/v2\/product"}],"about":[{"href":"https:\/\/alexanderling.ee\/et\/wp-json\/wp\/v2\/types\/product"}],"wp:featuredmedia":[{"embeddable":true,"href":"https:\/\/alexanderling.ee\/et\/wp-json\/wp\/v2\/media\/5432"}],"wp:attachment":[{"href":"https:\/\/alexanderling.ee\/et\/wp-json\/wp\/v2\/media?parent=5519"}],"wp:term":[{"taxonomy":"product_brand","embeddable":true,"href":"https:\/\/alexanderling.ee\/et\/wp-json\/wp\/v2\/product_brand?post=5519"},{"taxonomy":"product_cat","embeddable":true,"href":"https:\/\/alexanderling.ee\/et\/wp-json\/wp\/v2\/product_cat?post=5519"},{"taxonomy":"product_tag","embeddable":true,"href":"https:\/\/alexanderling.ee\/et\/wp-json\/wp\/v2\/product_tag?post=5519"}],"curies":[{"name":"wp","href":"https:\/\/api.w.org\/{rel}","templated":true}]}}