{"id":5531,"date":"2024-06-19T10:10:38","date_gmt":"2024-06-19T07:10:38","guid":{"rendered":"https:\/\/alexanderling.ee\/?post_type=product&#038;p=5531"},"modified":"2025-11-04T20:56:18","modified_gmt":"2025-11-04T17:56:18","slug":"dress-dhakaette","status":"publish","type":"product","link":"https:\/\/alexanderling.ee\/et\/toode\/dress-dhakaette\/","title":{"rendered":"Kleit DHAKAETTE BLACK FRINGE"},"content":{"rendered":"<p>\u00dchte \u00f5lga kattev kleit puhvvarrukaga ning elastse v\u00f6\u00f6kohaga.<\/p>","protected":false},"excerpt":{"rendered":"<p>See \u00fche \u00f5laga kleit kiirgab elegantsi oma diagonaalsest l\u00f5ikest, mille all\u00e4\u00e4res on pitsidetail palistatud m\u00e4nguliste narmaste k\u00fclge.<\/p>\n<p><strong>Stiilinipp:<\/strong> t\u00e4ienda v\u00e4limust minimalistlike kontsade ja peene ehtevalikuga, et lasta kleidil olla outfit\u2019i keskpunkt.<\/p>\n<p><strong>Istuvus:<\/strong> modell on 181 cm pikk ja kannab suurust 36.<\/p>\n<p>Vastab suurusele.<\/p>","protected":false},"featured_media":5411,"template":"","meta":{"nf_dc_page":""},"product_brand":[],"product_cat":[128,125,278,35,58],"product_tag":[],"class_list":{"0":"post-5531","1":"product","2":"type-product","3":"status-publish","4":"has-post-thumbnail","6":"product_cat-hedon-resort-ss24","7":"product_cat-collections","8":"product_cat-dhaka-dresses","9":"product_cat-dresses","10":"product_cat-sale","12":"first","13":"instock","14":"sale","15":"taxable","16":"shipping-taxable","17":"purchasable","18":"product-type-variable"},"jetpack_sharing_enabled":true,"_links":{"self":[{"href":"https:\/\/alexanderling.ee\/et\/wp-json\/wp\/v2\/product\/5531","targetHints":{"allow":["GET"]}}],"collection":[{"href":"https:\/\/alexanderling.ee\/et\/wp-json\/wp\/v2\/product"}],"about":[{"href":"https:\/\/alexanderling.ee\/et\/wp-json\/wp\/v2\/types\/product"}],"wp:featuredmedia":[{"embeddable":true,"href":"https:\/\/alexanderling.ee\/et\/wp-json\/wp\/v2\/media\/5411"}],"wp:attachment":[{"href":"https:\/\/alexanderling.ee\/et\/wp-json\/wp\/v2\/media?parent=5531"}],"wp:term":[{"taxonomy":"product_brand","embeddable":true,"href":"https:\/\/alexanderling.ee\/et\/wp-json\/wp\/v2\/product_brand?post=5531"},{"taxonomy":"product_cat","embeddable":true,"href":"https:\/\/alexanderling.ee\/et\/wp-json\/wp\/v2\/product_cat?post=5531"},{"taxonomy":"product_tag","embeddable":true,"href":"https:\/\/alexanderling.ee\/et\/wp-json\/wp\/v2\/product_tag?post=5531"}],"curies":[{"name":"wp","href":"https:\/\/api.w.org\/{rel}","templated":true}]}}