{"id":5533,"date":"2024-06-19T10:14:43","date_gmt":"2024-06-19T07:14:43","guid":{"rendered":"https:\/\/alexanderling.ee\/?post_type=product&#038;p=5533"},"modified":"2025-11-10T16:13:53","modified_gmt":"2025-11-10T13:13:53","slug":"dress-lysos","status":"publish","type":"product","link":"https:\/\/alexanderling.ee\/et\/toode\/dress-lysos\/","title":{"rendered":"Kleit LYSOS"},"content":{"rendered":"<p>Kleidil on seljal peitlukk-kinnis, varrukad on poolpikkad ja varrukaotstes kummidetailid.<\/p>","protected":false},"excerpt":{"rendered":"<p>See must broderiipitsiga pliiatskleit on kandilise kaelaosaga puuvillabatistist voodril. Broderiipits on tihe n\u00f5eltikkimise tehnika, mis koosneb madalatest pistetest puuvillakangal, mille vahepealsed osad on v\u00e4lja l\u00f5igatud tekitades pistetega \u00e4\u00e4ristatud augud, millest siis omakorda moodustubki muster. Ma armastan broderiipitsi kandmist suvisel hooajal, sest see annab v\u00f5imaluse nahal hingata l\u00e4bi selle kanga, lisaks on broderiipitsil naiivselt elegantne tunnetus. Just see ongi tegelikult see stiil, mida ma r\u00f5ivaid disainides viljelen.<\/p>\n<p><strong>Stiilinipp:<\/strong> suvekuudel meeldib mulle broderiipitsi kombineerida raffia detailidega akessuaaridega: k\u00fcbar, kaabu, kott v\u00f5i jalatsid, mille tallaosa on raffiast on suurep\u00e4rane valik siia juurde.<\/p>\n<p><strong>Istuvus:<\/strong> the model is 181 cm and wearing size 38.<\/p>\n<p>Vastab suurusele.<\/p>","protected":false},"featured_media":10223,"template":"","meta":{"nf_dc_page":""},"product_brand":[],"product_cat":[281,125,35,58],"product_tag":[],"class_list":{"0":"post-5533","1":"product","2":"type-product","3":"status-publish","4":"has-post-thumbnail","6":"product_cat-groovy-resort-25","7":"product_cat-collections","8":"product_cat-dresses","9":"product_cat-sale","11":"first","12":"instock","13":"sale","14":"taxable","15":"shipping-taxable","16":"purchasable","17":"product-type-variable"},"jetpack_sharing_enabled":true,"_links":{"self":[{"href":"https:\/\/alexanderling.ee\/et\/wp-json\/wp\/v2\/product\/5533","targetHints":{"allow":["GET"]}}],"collection":[{"href":"https:\/\/alexanderling.ee\/et\/wp-json\/wp\/v2\/product"}],"about":[{"href":"https:\/\/alexanderling.ee\/et\/wp-json\/wp\/v2\/types\/product"}],"wp:featuredmedia":[{"embeddable":true,"href":"https:\/\/alexanderling.ee\/et\/wp-json\/wp\/v2\/media\/10223"}],"wp:attachment":[{"href":"https:\/\/alexanderling.ee\/et\/wp-json\/wp\/v2\/media?parent=5533"}],"wp:term":[{"taxonomy":"product_brand","embeddable":true,"href":"https:\/\/alexanderling.ee\/et\/wp-json\/wp\/v2\/product_brand?post=5533"},{"taxonomy":"product_cat","embeddable":true,"href":"https:\/\/alexanderling.ee\/et\/wp-json\/wp\/v2\/product_cat?post=5533"},{"taxonomy":"product_tag","embeddable":true,"href":"https:\/\/alexanderling.ee\/et\/wp-json\/wp\/v2\/product_tag?post=5533"}],"curies":[{"name":"wp","href":"https:\/\/api.w.org\/{rel}","templated":true}]}}