{"id":5535,"date":"2024-06-19T10:19:24","date_gmt":"2024-06-19T07:19:24","guid":{"rendered":"https:\/\/alexanderling.ee\/?post_type=product&#038;p=5535"},"modified":"2026-02-04T15:47:31","modified_gmt":"2026-02-04T12:47:31","slug":"jumper-kios","status":"publish","type":"product","link":"https:\/\/alexanderling.ee\/et\/toode\/jumper-kios\/","title":{"rendered":"Kampsun KIOS"},"content":{"rendered":"<p>Vabalt kukkuv \u00fclesuuruses d\u017eemper, millel \u00fclaosas kalav\u00f5rgudetail, varrukaotstes soonikdetailid.<\/p>","protected":false},"excerpt":{"rendered":"<p>Sellel naturaalvalge kootud d\u017eempril on \u00fclaosa kalav\u00f5rgu detailne ning kehaosa topeltvoodril. Kukub aga vabalt, mille t\u00f5ttu soovitame d\u017eemprit kanda p\u00fckste v\u00e4rvli vahele torgatuna. Ka pikad varrukad on pigem \u00fclipikad ja lohakalt kukkuvad, ning parim viis nende kandmiseks on t\u00f5mmates 3\/4 pikkusele.<\/p>\n<p><strong>Stiilinipp:<\/strong> soovitame kanda pitsip\u00fckstega DORA, mis on pigem sirgelt kukkuvad ja moodustavad selle laia kehaosaga KIOS d\u017eempriga m\u00f5nusa ansambli kokku.<\/p>\n<p><strong>Istuvus:<\/strong> the model is 181 cm and wearing size 38.<\/p>\n<p>Istub kehasse vabalt.<\/p>","protected":false},"featured_media":10615,"template":"","meta":{"nf_dc_page":""},"product_brand":[],"product_cat":[128,125,160,23,58],"product_tag":[],"class_list":{"0":"post-5535","1":"product","2":"type-product","3":"status-publish","4":"has-post-thumbnail","6":"product_cat-hedon-resort-ss24","7":"product_cat-collections","8":"product_cat-jumpers-bombers","9":"product_cat-outerwear","10":"product_cat-sale","12":"first","13":"instock","14":"sale","15":"taxable","16":"shipping-taxable","17":"purchasable","18":"product-type-variable"},"jetpack_sharing_enabled":true,"_links":{"self":[{"href":"https:\/\/alexanderling.ee\/et\/wp-json\/wp\/v2\/product\/5535","targetHints":{"allow":["GET"]}}],"collection":[{"href":"https:\/\/alexanderling.ee\/et\/wp-json\/wp\/v2\/product"}],"about":[{"href":"https:\/\/alexanderling.ee\/et\/wp-json\/wp\/v2\/types\/product"}],"wp:featuredmedia":[{"embeddable":true,"href":"https:\/\/alexanderling.ee\/et\/wp-json\/wp\/v2\/media\/10615"}],"wp:attachment":[{"href":"https:\/\/alexanderling.ee\/et\/wp-json\/wp\/v2\/media?parent=5535"}],"wp:term":[{"taxonomy":"product_brand","embeddable":true,"href":"https:\/\/alexanderling.ee\/et\/wp-json\/wp\/v2\/product_brand?post=5535"},{"taxonomy":"product_cat","embeddable":true,"href":"https:\/\/alexanderling.ee\/et\/wp-json\/wp\/v2\/product_cat?post=5535"},{"taxonomy":"product_tag","embeddable":true,"href":"https:\/\/alexanderling.ee\/et\/wp-json\/wp\/v2\/product_tag?post=5535"}],"curies":[{"name":"wp","href":"https:\/\/api.w.org\/{rel}","templated":true}]}}