{"id":5537,"date":"2024-06-19T10:28:14","date_gmt":"2024-06-19T07:28:14","guid":{"rendered":"https:\/\/alexanderling.ee\/?post_type=product&#038;p=5537"},"modified":"2026-02-04T16:07:31","modified_gmt":"2026-02-04T13:07:31","slug":"skirt-fyti","status":"publish","type":"product","link":"https:\/\/alexanderling.ee\/et\/toode\/skirt-fyti\/","title":{"rendered":"Seelik FYTI"},"content":{"rendered":"<p><span data-sheets-root=\"1\">Seljal peitlukk-kinnis.<\/span><\/p>","protected":false},"excerpt":{"rendered":"<p>See maani pitsiseelik pakub suves\u00fcndmusteks pidulikku tunnetust, samas v\u00f5imaldades kanda ka v\u00e4ljaspool \u00f5htust aega sobitades \u00f5hukese topiga. Seelik on kreemvalges toonis ja pitsile moodustub \u00f5rn lehemuster, samas t\u00e4ispikkuses viskoosivooder lisab kandmisele mugavust.<\/p>\n<p><strong>Stiilinipp:<\/strong> soovitame kanda koos KIOS kudumiga. Seeliku l\u00f5plik all\u00e4\u00e4re pikkus pannakse paika vastavalt kandja pikkuse ja jalan\u00f5ude kontsa k\u00f5rgusele.<\/p>\n<p><strong>Istuvus:<\/strong> modell on 181 cm pikk ja kannab suurust 36.<\/p>\n<p>Vastab suurusele.<\/p>","protected":false},"featured_media":10586,"template":"","meta":{"nf_dc_page":""},"product_brand":[],"product_cat":[128,20,125,58,27],"product_tag":[],"class_list":{"0":"post-5537","1":"product","2":"type-product","3":"status-publish","4":"has-post-thumbnail","6":"product_cat-hedon-resort-ss24","7":"product_cat-bottoms","8":"product_cat-collections","9":"product_cat-sale","10":"product_cat-skirts","12":"first","13":"instock","14":"sale","15":"taxable","16":"shipping-taxable","17":"purchasable","18":"product-type-variable"},"jetpack_sharing_enabled":true,"_links":{"self":[{"href":"https:\/\/alexanderling.ee\/et\/wp-json\/wp\/v2\/product\/5537","targetHints":{"allow":["GET"]}}],"collection":[{"href":"https:\/\/alexanderling.ee\/et\/wp-json\/wp\/v2\/product"}],"about":[{"href":"https:\/\/alexanderling.ee\/et\/wp-json\/wp\/v2\/types\/product"}],"wp:featuredmedia":[{"embeddable":true,"href":"https:\/\/alexanderling.ee\/et\/wp-json\/wp\/v2\/media\/10586"}],"wp:attachment":[{"href":"https:\/\/alexanderling.ee\/et\/wp-json\/wp\/v2\/media?parent=5537"}],"wp:term":[{"taxonomy":"product_brand","embeddable":true,"href":"https:\/\/alexanderling.ee\/et\/wp-json\/wp\/v2\/product_brand?post=5537"},{"taxonomy":"product_cat","embeddable":true,"href":"https:\/\/alexanderling.ee\/et\/wp-json\/wp\/v2\/product_cat?post=5537"},{"taxonomy":"product_tag","embeddable":true,"href":"https:\/\/alexanderling.ee\/et\/wp-json\/wp\/v2\/product_tag?post=5537"}],"curies":[{"name":"wp","href":"https:\/\/api.w.org\/{rel}","templated":true}]}}