{"id":5561,"date":"2024-06-19T12:46:23","date_gmt":"2024-06-19T09:46:23","guid":{"rendered":"https:\/\/alexanderling.ee\/?post_type=product&#038;p=5561"},"modified":"2025-11-07T23:42:25","modified_gmt":"2025-11-07T20:42:25","slug":"skirt-polemi","status":"publish","type":"product","link":"https:\/\/alexanderling.ee\/et\/toode\/skirt-polemi\/","title":{"rendered":"Seelik POLEMI"},"content":{"rendered":"<p><span data-sheets-root=\"1\">The skirt has two snap fastenings, which are adjustable.<br \/>\n<\/span><\/p>","protected":false},"excerpt":{"rendered":"<p><span data-sheets-root=\"1\">Teksakangast h\u00f5lmikseelik on valmistatud k\u00f5rgkvaliteedilisest puuvilla teksast. Seeliku esiosa r\u00f5hutab figuuri h\u00f5lmikl\u00f5ikega. Teksakanga kerge \u0161tret\u0161tunnetus teeb seeliku mugavaks kandmisel ja sellega liikumisel.<\/span><\/p>\n<p><strong>Stiilinipp:<\/strong> we recommend wearing with our matching tartan jacket EL ARENAL for a chic look.<\/p>\n<p><strong>Istuvus:<\/strong> modell on 176 cm pikk ja kannab suurust 36.<\/p>\n<p>Vastab suurusele.<\/p>","protected":false},"featured_media":10320,"template":"","meta":{"nf_dc_page":""},"product_brand":[],"product_cat":[281,20,125,58,27],"product_tag":[],"class_list":{"0":"post-5561","1":"product","2":"type-product","3":"status-publish","4":"has-post-thumbnail","6":"product_cat-groovy-resort-25","7":"product_cat-bottoms","8":"product_cat-collections","9":"product_cat-sale","10":"product_cat-skirts","12":"first","13":"instock","14":"sale","15":"taxable","16":"shipping-taxable","17":"purchasable","18":"product-type-variable"},"jetpack_sharing_enabled":true,"_links":{"self":[{"href":"https:\/\/alexanderling.ee\/et\/wp-json\/wp\/v2\/product\/5561","targetHints":{"allow":["GET"]}}],"collection":[{"href":"https:\/\/alexanderling.ee\/et\/wp-json\/wp\/v2\/product"}],"about":[{"href":"https:\/\/alexanderling.ee\/et\/wp-json\/wp\/v2\/types\/product"}],"wp:featuredmedia":[{"embeddable":true,"href":"https:\/\/alexanderling.ee\/et\/wp-json\/wp\/v2\/media\/10320"}],"wp:attachment":[{"href":"https:\/\/alexanderling.ee\/et\/wp-json\/wp\/v2\/media?parent=5561"}],"wp:term":[{"taxonomy":"product_brand","embeddable":true,"href":"https:\/\/alexanderling.ee\/et\/wp-json\/wp\/v2\/product_brand?post=5561"},{"taxonomy":"product_cat","embeddable":true,"href":"https:\/\/alexanderling.ee\/et\/wp-json\/wp\/v2\/product_cat?post=5561"},{"taxonomy":"product_tag","embeddable":true,"href":"https:\/\/alexanderling.ee\/et\/wp-json\/wp\/v2\/product_tag?post=5561"}],"curies":[{"name":"wp","href":"https:\/\/api.w.org\/{rel}","templated":true}]}}