{"id":5571,"date":"2024-06-19T15:28:01","date_gmt":"2024-06-19T12:28:01","guid":{"rendered":"https:\/\/alexanderling.ee\/?post_type=product&#038;p=5571"},"modified":"2025-09-29T12:55:25","modified_gmt":"2025-09-29T09:55:25","slug":"jumpsuit-konia","status":"publish","type":"product","link":"https:\/\/alexanderling.ee\/et\/toode\/jumpsuit-konia\/","title":{"rendered":"P\u00fckskost\u00fc\u00fcm KONIA"},"content":{"rendered":"<p><span data-sheets-root=\"1\">P\u00fckst\u00fckil on kaks k\u00fcljetaskut, seljal peitlukk- ja trukkkinnis.<\/span><\/p>","protected":false},"excerpt":{"rendered":"<p>KONIA p\u00fckst\u00fckk h\u00f5lmab kaela \u00fcmber m\u00e4hitavat salldetaili, mis lisab voogavust siluetile. Helesinine toon loob v\u00e4rske aktsendi, samas kui taljesse fikdeeritud l\u00f5ige loob figuuri r\u00f5hutava silueti. Ideaalne pidulikeks s\u00fcndmusteks on kindel pilgup\u00fc\u00fcdja igas olukorras.<\/p>\n<p><strong>Stiilinipp:<\/strong> soovitame kanda kontsakingadega. L\u00f5plk all\u00e4\u00e4re pikkus pannakse paika vastavalt kandja pikkuse ja kingade k\u00f5rgusele. \u00c4ra unusta oma pikkuse teada andmist meile, et saaksime all\u00e4\u00e4re pikkuse m\u00e4\u00e4rata Sinu pikkusele sobivaks.<\/p>\n<p><strong>Istuvus:<\/strong> modell on 178 cm pikk ja kannab suurust 36.<\/p>\n<p>Vastab suurusele.<\/p>","protected":false},"featured_media":5972,"template":"","meta":{"nf_dc_page":""},"product_brand":[],"product_cat":[128,125,35,293,58,28],"product_tag":[],"class_list":{"0":"post-5571","1":"product","2":"type-product","3":"status-publish","4":"has-post-thumbnail","6":"product_cat-hedon-resort-ss24","7":"product_cat-collections","8":"product_cat-dresses","9":"product_cat-floor-length-dresses","10":"product_cat-sale","11":"product_cat-trousers","13":"first","14":"instock","15":"sale","16":"taxable","17":"shipping-taxable","18":"purchasable","19":"product-type-variable"},"jetpack_sharing_enabled":true,"_links":{"self":[{"href":"https:\/\/alexanderling.ee\/et\/wp-json\/wp\/v2\/product\/5571","targetHints":{"allow":["GET"]}}],"collection":[{"href":"https:\/\/alexanderling.ee\/et\/wp-json\/wp\/v2\/product"}],"about":[{"href":"https:\/\/alexanderling.ee\/et\/wp-json\/wp\/v2\/types\/product"}],"wp:featuredmedia":[{"embeddable":true,"href":"https:\/\/alexanderling.ee\/et\/wp-json\/wp\/v2\/media\/5972"}],"wp:attachment":[{"href":"https:\/\/alexanderling.ee\/et\/wp-json\/wp\/v2\/media?parent=5571"}],"wp:term":[{"taxonomy":"product_brand","embeddable":true,"href":"https:\/\/alexanderling.ee\/et\/wp-json\/wp\/v2\/product_brand?post=5571"},{"taxonomy":"product_cat","embeddable":true,"href":"https:\/\/alexanderling.ee\/et\/wp-json\/wp\/v2\/product_cat?post=5571"},{"taxonomy":"product_tag","embeddable":true,"href":"https:\/\/alexanderling.ee\/et\/wp-json\/wp\/v2\/product_tag?post=5571"}],"curies":[{"name":"wp","href":"https:\/\/api.w.org\/{rel}","templated":true}]}}