{"id":5578,"date":"2024-06-19T16:00:43","date_gmt":"2024-06-19T13:00:43","guid":{"rendered":"https:\/\/alexanderling.ee\/?post_type=product&#038;p=5578"},"modified":"2025-09-29T12:57:24","modified_gmt":"2025-09-29T09:57:24","slug":"trousers-dora","status":"publish","type":"product","link":"https:\/\/alexanderling.ee\/et\/toode\/trousers-dora\/","title":{"rendered":"P\u00fcksid DORA"},"content":{"rendered":"<p><span data-sheets-root=\"1\">P\u00fckstel on ees peitlukk-kinnis ja kaks k\u00fcljetaskut.<br \/>\n<\/span><\/p>","protected":false},"excerpt":{"rendered":"<p>\u00d5rnast pitskangast valmistatud p\u00fcksid DORA kiirgavad naiselikkust ja peenet sarmi. Keskmisel k\u00f5rgusel istuva v\u00f6\u00f6kohaga tagavad p\u00fckste figuuri istuvuse, samas kui piibelehe motiividega tikand tasku\u00e4\u00e4rtel lisavad pidulikkust. Ideaalne pidulikeks s\u00fcndmusteks, need p\u00fcksid t\u00f5stavad igat outfit\u2019i ajatu stiili ja peene viimistlusega.<\/p>\n<p><strong>Stiilinipp:<\/strong> soovitan kanda koos samast kangat bomber-jaki LEFKEGA. \u00c4ra unusta oma pikkuse teada andmist meile, et saaksime all\u00e4\u00e4re pikkuse m\u00e4\u00e4rata Sinu pikkusele sobivaks.<\/p>\n<p><strong>Istuvus:<\/strong> modell on 178 cm pikk ja kannab suurust 36.<\/p>\n<p>Vastab suurusele.<\/p>","protected":false},"featured_media":9882,"template":"","meta":{"nf_dc_page":""},"product_brand":[],"product_cat":[128,20,125,58,28],"product_tag":[],"class_list":{"0":"post-5578","1":"product","2":"type-product","3":"status-publish","4":"has-post-thumbnail","6":"product_cat-hedon-resort-ss24","7":"product_cat-bottoms","8":"product_cat-collections","9":"product_cat-sale","10":"product_cat-trousers","12":"first","13":"instock","14":"sale","15":"taxable","16":"shipping-taxable","17":"purchasable","18":"product-type-variable"},"jetpack_sharing_enabled":true,"_links":{"self":[{"href":"https:\/\/alexanderling.ee\/et\/wp-json\/wp\/v2\/product\/5578","targetHints":{"allow":["GET"]}}],"collection":[{"href":"https:\/\/alexanderling.ee\/et\/wp-json\/wp\/v2\/product"}],"about":[{"href":"https:\/\/alexanderling.ee\/et\/wp-json\/wp\/v2\/types\/product"}],"wp:featuredmedia":[{"embeddable":true,"href":"https:\/\/alexanderling.ee\/et\/wp-json\/wp\/v2\/media\/9882"}],"wp:attachment":[{"href":"https:\/\/alexanderling.ee\/et\/wp-json\/wp\/v2\/media?parent=5578"}],"wp:term":[{"taxonomy":"product_brand","embeddable":true,"href":"https:\/\/alexanderling.ee\/et\/wp-json\/wp\/v2\/product_brand?post=5578"},{"taxonomy":"product_cat","embeddable":true,"href":"https:\/\/alexanderling.ee\/et\/wp-json\/wp\/v2\/product_cat?post=5578"},{"taxonomy":"product_tag","embeddable":true,"href":"https:\/\/alexanderling.ee\/et\/wp-json\/wp\/v2\/product_tag?post=5578"}],"curies":[{"name":"wp","href":"https:\/\/api.w.org\/{rel}","templated":true}]}}