{"id":5666,"date":"2024-07-07T18:05:35","date_gmt":"2024-07-07T15:05:35","guid":{"rendered":"https:\/\/alexanderling.ee\/?post_type=product&#038;p=5666"},"modified":"2025-06-17T16:52:09","modified_gmt":"2025-06-17T13:52:09","slug":"clutch-bag-mons-beige","status":"publish","type":"product","link":"https:\/\/alexanderling.ee\/et\/toode\/clutch-bag-mons-beige\/","title":{"rendered":"K\u00e4ekott MONS BEIGE"},"content":{"rendered":"<p>K\u00e4ekotil on \u00fcks avatud p\u00f5hisahtel ning sisek\u00fcljel sisemine kaarditasku. Kott on valmistatud raffiast ja puidust magnet-kinnitusega.<\/p>","protected":false},"excerpt":{"rendered":"<p><span data-sheets-root=\"1\">Raffia kotid on suvel \u00fclimalt mugavad ja moodsad, ning Alexanderlingi helebee\u017ek\u00e4ekott paistab v\u00e4lja oma minimalistliku \u00fclesehitusega. Koti seest leiad kuldse metallketi, mis v\u00f5imaldab kotti kanda ka \u00fcle\u00f5lakotina. Puuvillaga vooderatud sisemus mahutab h\u00f5lpsasti telefoni, eraldiseisvasse taskusse magnetkaardid ja ka p\u00e4ikeseprillid.<\/span><\/p>","protected":false},"featured_media":6334,"template":"","meta":{"nf_dc_page":""},"product_brand":[],"product_cat":[22,69],"product_tag":[],"class_list":{"0":"post-5666","1":"product","2":"type-product","3":"status-publish","4":"has-post-thumbnail","6":"product_cat-accessories","7":"product_cat-clutches","9":"first","10":"instock","11":"taxable","12":"shipping-taxable","13":"purchasable","14":"product-type-simple"},"jetpack_sharing_enabled":true,"_links":{"self":[{"href":"https:\/\/alexanderling.ee\/et\/wp-json\/wp\/v2\/product\/5666","targetHints":{"allow":["GET"]}}],"collection":[{"href":"https:\/\/alexanderling.ee\/et\/wp-json\/wp\/v2\/product"}],"about":[{"href":"https:\/\/alexanderling.ee\/et\/wp-json\/wp\/v2\/types\/product"}],"wp:featuredmedia":[{"embeddable":true,"href":"https:\/\/alexanderling.ee\/et\/wp-json\/wp\/v2\/media\/6334"}],"wp:attachment":[{"href":"https:\/\/alexanderling.ee\/et\/wp-json\/wp\/v2\/media?parent=5666"}],"wp:term":[{"taxonomy":"product_brand","embeddable":true,"href":"https:\/\/alexanderling.ee\/et\/wp-json\/wp\/v2\/product_brand?post=5666"},{"taxonomy":"product_cat","embeddable":true,"href":"https:\/\/alexanderling.ee\/et\/wp-json\/wp\/v2\/product_cat?post=5666"},{"taxonomy":"product_tag","embeddable":true,"href":"https:\/\/alexanderling.ee\/et\/wp-json\/wp\/v2\/product_tag?post=5666"}],"curies":[{"name":"wp","href":"https:\/\/api.w.org\/{rel}","templated":true}]}}