{"id":5689,"date":"2024-07-07T18:38:51","date_gmt":"2024-07-07T15:38:51","guid":{"rendered":"https:\/\/alexanderling.ee\/?post_type=product&#038;p=5689"},"modified":"2025-06-17T16:48:08","modified_gmt":"2025-06-17T13:48:08","slug":"clutch-bag-crau-boucle","status":"publish","type":"product","link":"https:\/\/alexanderling.ee\/et\/toode\/clutch-bag-crau-boucle\/","title":{"rendered":"K\u00e4ekott CRAU BOUCLE"},"content":{"rendered":"<p>K\u00e4ekotil on \u00fcks avatud p\u00f5hisahtel. Kott on tugeva konstruktsiooniga ning mustast metallist trukk-kinnitusega.<\/p>","protected":false},"excerpt":{"rendered":"<p>CRAU BOUCLE k\u00e4ekott on tugeva konstruktsiooniga ja kaetud bukleevilla kangaga. Mustast metallist trukk-kinnitus avab puuvillaga vooderatud sisemusse, mis mahutab h\u00f5lpsasti telefoni ja v\u00f5tmed. Koti seest leiad musta metallketi, mis v\u00f5imaldab kotti kanda ka \u00fcle\u00f5lakotina.<\/p>","protected":false},"featured_media":6329,"template":"","meta":{"nf_dc_page":""},"product_brand":[],"product_cat":[22,69],"product_tag":[],"class_list":{"0":"post-5689","1":"product","2":"type-product","3":"status-publish","4":"has-post-thumbnail","6":"product_cat-accessories","7":"product_cat-clutches","9":"first","10":"instock","11":"taxable","12":"shipping-taxable","13":"purchasable","14":"product-type-simple"},"jetpack_sharing_enabled":true,"_links":{"self":[{"href":"https:\/\/alexanderling.ee\/et\/wp-json\/wp\/v2\/product\/5689","targetHints":{"allow":["GET"]}}],"collection":[{"href":"https:\/\/alexanderling.ee\/et\/wp-json\/wp\/v2\/product"}],"about":[{"href":"https:\/\/alexanderling.ee\/et\/wp-json\/wp\/v2\/types\/product"}],"wp:featuredmedia":[{"embeddable":true,"href":"https:\/\/alexanderling.ee\/et\/wp-json\/wp\/v2\/media\/6329"}],"wp:attachment":[{"href":"https:\/\/alexanderling.ee\/et\/wp-json\/wp\/v2\/media?parent=5689"}],"wp:term":[{"taxonomy":"product_brand","embeddable":true,"href":"https:\/\/alexanderling.ee\/et\/wp-json\/wp\/v2\/product_brand?post=5689"},{"taxonomy":"product_cat","embeddable":true,"href":"https:\/\/alexanderling.ee\/et\/wp-json\/wp\/v2\/product_cat?post=5689"},{"taxonomy":"product_tag","embeddable":true,"href":"https:\/\/alexanderling.ee\/et\/wp-json\/wp\/v2\/product_tag?post=5689"}],"curies":[{"name":"wp","href":"https:\/\/api.w.org\/{rel}","templated":true}]}}