{"id":5693,"date":"2024-07-07T18:46:31","date_gmt":"2024-07-07T15:46:31","guid":{"rendered":"https:\/\/alexanderling.ee\/?post_type=product&#038;p=5693"},"modified":"2025-06-17T16:45:28","modified_gmt":"2025-06-17T13:45:28","slug":"clutch-bag-golem-sequin-blue","status":"publish","type":"product","link":"https:\/\/alexanderling.ee\/et\/toode\/clutch-bag-golem-sequin-blue\/","title":{"rendered":"K\u00e4ekott GOLEM SEQUIN BLUE"},"content":{"rendered":"<p>K\u00e4ekotil on \u00fcks avatud p\u00f5hisahtel ning sisek\u00fcljel sisemine kaarditasku. Kott on tugeva konstruktsiooniga ning h\u00f5bedasest metallist trukk-kinnitusega.<\/p>","protected":false},"excerpt":{"rendered":"<p>GOLEM SEQUIN BLUE k\u00e4ekott on tugeva konstruktsiooniga ja kaetud siniste ja valgete litritega. H\u00f5bedane metallist trukk-kinnitus avab puuvillaga vooderatud sisemusse, mis mahutab h\u00f5lpsasti telefoni, margnetkaardid ja v\u00f5tmed. Koti seest leiad kuldse metallketi, mis v\u00f5imaldab kotti kanda ka \u00fcle\u00f5lakotina.<\/p>","protected":false},"featured_media":6319,"template":"","meta":{"nf_dc_page":""},"product_brand":[],"product_cat":[22,69],"product_tag":[],"class_list":{"0":"post-5693","1":"product","2":"type-product","3":"status-publish","4":"has-post-thumbnail","6":"product_cat-accessories","7":"product_cat-clutches","9":"first","10":"outofstock","11":"taxable","12":"shipping-taxable","13":"purchasable","14":"product-type-simple"},"jetpack_sharing_enabled":true,"_links":{"self":[{"href":"https:\/\/alexanderling.ee\/et\/wp-json\/wp\/v2\/product\/5693","targetHints":{"allow":["GET"]}}],"collection":[{"href":"https:\/\/alexanderling.ee\/et\/wp-json\/wp\/v2\/product"}],"about":[{"href":"https:\/\/alexanderling.ee\/et\/wp-json\/wp\/v2\/types\/product"}],"wp:featuredmedia":[{"embeddable":true,"href":"https:\/\/alexanderling.ee\/et\/wp-json\/wp\/v2\/media\/6319"}],"wp:attachment":[{"href":"https:\/\/alexanderling.ee\/et\/wp-json\/wp\/v2\/media?parent=5693"}],"wp:term":[{"taxonomy":"product_brand","embeddable":true,"href":"https:\/\/alexanderling.ee\/et\/wp-json\/wp\/v2\/product_brand?post=5693"},{"taxonomy":"product_cat","embeddable":true,"href":"https:\/\/alexanderling.ee\/et\/wp-json\/wp\/v2\/product_cat?post=5693"},{"taxonomy":"product_tag","embeddable":true,"href":"https:\/\/alexanderling.ee\/et\/wp-json\/wp\/v2\/product_tag?post=5693"}],"curies":[{"name":"wp","href":"https:\/\/api.w.org\/{rel}","templated":true}]}}