{"id":5698,"date":"2024-07-07T19:02:35","date_gmt":"2024-07-07T16:02:35","guid":{"rendered":"https:\/\/alexanderling.ee\/?post_type=product&#038;p=5698"},"modified":"2025-06-17T16:45:23","modified_gmt":"2025-06-17T13:45:23","slug":"clutch-bag-lauve-floral","status":"publish","type":"product","link":"https:\/\/alexanderling.ee\/et\/toode\/clutch-bag-lauve-floral\/","title":{"rendered":"K\u00e4ekott LAUVE FLORAL"},"content":{"rendered":"<p>K\u00e4ekotil on \u00fcks avatud p\u00f5hisahtel ning sisek\u00fcljel sisemine kaarditasku. Kott on tugeva konstruktsiooniga, kunstnahast ning p\u00e4rlist trukk-kinnitusega.<\/p>","protected":false},"excerpt":{"rendered":"<p>LAUVE FLORAL k\u00e4ekott on tugeva konstruktsiooniga ja valmistatud t\u00fcrkiisi-helekollasega suurelillelise mustriga kunstnahast. P\u00e4rliimitatsiooniga trukk-kinnitus avab puuvillaga vooderatud sisemusse, mis mahutab h\u00f5lpsasti telefoni ja v\u00f5tmed. Koti seest leiad kuldse metallketi, mis v\u00f5imaldab kotti kanda ka \u00fcle\u00f5lakotina.<\/p>","protected":false},"featured_media":6352,"template":"","meta":{"nf_dc_page":""},"product_brand":[],"product_cat":[22,69],"product_tag":[],"class_list":{"0":"post-5698","1":"product","2":"type-product","3":"status-publish","4":"has-post-thumbnail","6":"product_cat-accessories","7":"product_cat-clutches","9":"first","10":"outofstock","11":"taxable","12":"shipping-taxable","13":"purchasable","14":"product-type-simple"},"jetpack_sharing_enabled":true,"_links":{"self":[{"href":"https:\/\/alexanderling.ee\/et\/wp-json\/wp\/v2\/product\/5698","targetHints":{"allow":["GET"]}}],"collection":[{"href":"https:\/\/alexanderling.ee\/et\/wp-json\/wp\/v2\/product"}],"about":[{"href":"https:\/\/alexanderling.ee\/et\/wp-json\/wp\/v2\/types\/product"}],"wp:featuredmedia":[{"embeddable":true,"href":"https:\/\/alexanderling.ee\/et\/wp-json\/wp\/v2\/media\/6352"}],"wp:attachment":[{"href":"https:\/\/alexanderling.ee\/et\/wp-json\/wp\/v2\/media?parent=5698"}],"wp:term":[{"taxonomy":"product_brand","embeddable":true,"href":"https:\/\/alexanderling.ee\/et\/wp-json\/wp\/v2\/product_brand?post=5698"},{"taxonomy":"product_cat","embeddable":true,"href":"https:\/\/alexanderling.ee\/et\/wp-json\/wp\/v2\/product_cat?post=5698"},{"taxonomy":"product_tag","embeddable":true,"href":"https:\/\/alexanderling.ee\/et\/wp-json\/wp\/v2\/product_tag?post=5698"}],"curies":[{"name":"wp","href":"https:\/\/api.w.org\/{rel}","templated":true}]}}